{"id":555,"date":"2018-05-13T08:35:04","date_gmt":"2018-05-13T06:35:04","guid":{"rendered":"http:\/\/jayananda.cz\/home\/"},"modified":"2018-06-09T09:59:38","modified_gmt":"2018-06-09T08:59:38","slug":"home","status":"publish","type":"page","link":"https:\/\/jayananda.cz\/en\/","title":{"rendered":"Home"},"content":{"rendered":"<p><div class=\"fusion-fullwidth fullwidth-box fusion-builder-row-1 nonhundred-percent-fullwidth non-hundred-percent-height-scrolling fusion-equal-height-columns\" style=\"--awb-border-radius-top-left:0px;--awb-border-radius-top-right:0px;--awb-border-radius-bottom-right:0px;--awb-border-radius-bottom-left:0px;\" ><div class=\"fusion-builder-row fusion-row\"><div class=\"fusion-layout-column fusion_builder_column fusion-builder-column-0 fusion_builder_column_1_1 1_1 fusion-one-full fusion-column-first fusion-column-last fusion-column-no-min-height\" style=\"--awb-bg-size:cover;--awb-margin-bottom:0px;\"><div class=\"fusion-column-wrapper fusion-flex-column-wrapper-legacy\"><div class=\"fusion-content-boxes content-boxes columns row fusion-columns-3 fusion-columns-total-3 fusion-content-boxes-1 content-boxes-icon-on-top content-left\" style=\"--awb-backgroundcolor:transparent;--awb-title-color:#4c412a;--awb-iconcolor:#222222;--awb-hover-accent-color:#d4c201;--awb-circle-hover-accent-color:#d4c201;\" data-animationOffset=\"top-into-view\"><div style=\"--awb-backgroundcolor:transparent;--awb-iconcolor:#222222;\" class=\"fusion-column content-box-column content-box-column content-box-column-1 col-lg-4 col-md-4 col-sm-4 fusion-content-box-hover content-box-column-first-in-row\"><div class=\"col content-box-wrapper content-wrapper link-area-link-icon link-type-text icon-hover-animation-fade\" data-animationOffset=\"top-into-view\"><div class=\"heading heading-with-icon icon-left\"><a class=\"heading-link\" href=\"https:\/\/jayananda.cz\/en\/abumandra-healing-therapy\/\" target=\"_self\"><div class=\"icon\"><i style=\"border-color:#d4c201;border-width:1px;background-color:#ffffff;box-sizing:content-box;height:42px;width:42px;line-height:42px;border-radius:50%;font-size:21px;\" aria-hidden=\"true\" class=\"fontawesome-icon fa-heart fas circle-yes\"><\/i><\/div><h2 class=\"content-box-heading fusion-responsive-typography-calculated\" style=\"--h2_typography-font-size:24px;--fontSize:24;line-height:1.5;\">Abumandra Healing Therapy<\/h2><\/a><\/div><div class=\"fusion-clearfix\"><\/div><div class=\"content-container\">\n<p>Massage as an mystical experience. Perfect release of body and consciousness and how to keep it.<\/p>\n<\/div><div class=\"fusion-clearfix\"><\/div><a class=\" fusion-read-more\" href=\"https:\/\/jayananda.cz\/en\/abumandra-healing-therapy\/\" target=\"_self\">read more<\/a><div class=\"fusion-clearfix\"><\/div><\/div><\/div><div style=\"--awb-backgroundcolor:transparent;--awb-iconcolor:#222222;\" class=\"fusion-column content-box-column content-box-column content-box-column-2 col-lg-4 col-md-4 col-sm-4 fusion-content-box-hover \"><div class=\"col content-box-wrapper content-wrapper link-area-link-icon link-type-text icon-hover-animation-fade\" data-animationOffset=\"top-into-view\"><div class=\"heading heading-with-icon icon-left\"><a class=\"heading-link\" href=\"https:\/\/jayananda.cz\/en\/traditional-tantra-yoga\/\" target=\"_self\"><div class=\"icon\"><i style=\"border-color:#d4c201;border-width:1px;background-color:#ffffff;box-sizing:content-box;height:42px;width:42px;line-height:42px;border-radius:50%;font-size:21px;\" aria-hidden=\"true\" class=\"fontawesome-icon fa-male fas circle-yes\"><\/i><\/div><h2 class=\"content-box-heading fusion-responsive-typography-calculated\" style=\"--h2_typography-font-size:24px;--fontSize:24;line-height:1.5;\">Traditional Tantra Joga<\/h2><\/a><\/div><div class=\"fusion-clearfix\"><\/div><div class=\"content-container\">\n<p>The ancient secrets of Dravidian India and their message of modern times.<\/p>\n<\/div><div class=\"fusion-clearfix\"><\/div><a class=\" fusion-read-more\" href=\"https:\/\/jayananda.cz\/en\/traditional-tantra-yoga\/\" target=\"_self\">read more<\/a><div class=\"fusion-clearfix\"><\/div><\/div><\/div><div style=\"--awb-backgroundcolor:transparent;--awb-iconcolor:#222222;\" class=\"fusion-column content-box-column content-box-column content-box-column-3 col-lg-4 col-md-4 col-sm-4 fusion-content-box-hover content-box-column-last content-box-column-last-in-row\"><div class=\"col content-box-wrapper content-wrapper link-area-link-icon link-type-text icon-hover-animation-fade\" data-animationOffset=\"top-into-view\"><div class=\"heading heading-with-icon icon-left\"><a class=\"heading-link\" href=\"http:\/\/jayananda.cz\/kalendar-akci\/\" target=\"_self\"><div class=\"icon\"><i style=\"border-color:#d4c201;border-width:1px;background-color:#ffffff;box-sizing:content-box;height:42px;width:42px;line-height:42px;border-radius:50%;font-size:21px;\" aria-hidden=\"true\" class=\"fontawesome-icon fa-users fas circle-yes\"><\/i><\/div><h2 class=\"content-box-heading fusion-responsive-typography-calculated\" style=\"--h2_typography-font-size:24px;--fontSize:24;line-height:1.5;\">Events, seminars, stays<\/h2><\/a><\/div><div class=\"fusion-clearfix\"><\/div><div class=\"content-container\">\n<p>New inspiration for open and receptive people.<br \/>\n(Czech language only)<\/p>\n<\/div><div class=\"fusion-clearfix\"><\/div><a class=\" fusion-read-more\" href=\"http:\/\/jayananda.cz\/kalendar-akci\/\" target=\"_self\">read more<\/a><div class=\"fusion-clearfix\"><\/div><\/div><\/div><div class=\"fusion-clearfix\"><\/div><\/div><div class=\"fusion-clearfix\"><\/div><\/div><\/div><\/div><\/div><div class=\"fusion-fullwidth fullwidth-box fusion-builder-row-2 nonhundred-percent-fullwidth non-hundred-percent-height-scrolling\" style=\"--awb-border-radius-top-left:0px;--awb-border-radius-top-right:0px;--awb-border-radius-bottom-right:0px;--awb-border-radius-bottom-left:0px;--awb-padding-top:30px;--awb-padding-bottom:20px;--awb-background-color:#f2f2f2;\" ><div class=\"fusion-builder-row fusion-row\"><div class=\"fusion-layout-column fusion_builder_column fusion-builder-column-1 fusion_builder_column_1_2 1_2 fusion-one-half fusion-column-first\" style=\"--awb-bg-size:cover;width:50%;width:calc(50% - ( ( 4% ) * 0.5 ) );margin-right: 4%;\"><div class=\"fusion-column-wrapper fusion-flex-column-wrapper-legacy\"><div class=\"fusion-video fusion-youtube fusion-aligncenter\" style=\"--awb-max-width:600px;--awb-max-height:360px;--awb-width:100%;\"><div class=\"video-shortcode\"><div class=\"fluid-width-video-wrapper\" style=\"padding-top:60%;\" ><iframe title=\"YouTube video player 1\" src=\"https:\/\/www.youtube.com\/embed\/nLXMsi8sHp0?wmode=transparent&autoplay=06s\" width=\"600\" height=\"360\" allowfullscreen allow=\"autoplay; fullscreen\"><\/iframe><\/div><\/div><\/div><div class=\"fusion-clearfix\"><\/div><\/div><\/div><div class=\"fusion-layout-column fusion_builder_column fusion-builder-column-2 fusion_builder_column_1_2 1_2 fusion-one-half fusion-column-last\" style=\"--awb-bg-size:cover;width:50%;width:calc(50% - ( ( 4% ) * 0.5 ) );\"><div class=\"fusion-column-wrapper fusion-flex-column-wrapper-legacy\"><div class=\"fusion-video fusion-youtube fusion-aligncenter\" style=\"--awb-max-width:600px;--awb-max-height:360px;--awb-width:100%;\"><div class=\"video-shortcode\"><div class=\"fluid-width-video-wrapper\" style=\"padding-top:60%;\" ><iframe title=\"YouTube video player 2\" src=\"https:\/\/www.youtube.com\/embed\/yIJ3t-x2wvU?wmode=transparent&autoplay=06s\" width=\"600\" height=\"360\" allowfullscreen allow=\"autoplay; fullscreen\"><\/iframe><\/div><\/div><\/div><div class=\"fusion-clearfix\"><\/div><\/div><\/div><\/div><\/div>\n<div class=\"fusion-bg-parallax\" data-bg-align=\"center center\" data-direction=\"up\" data-mute=\"false\" data-opacity=\"100\" data-velocity=\"-0.3\" data-mobile-enabled=\"false\" data-break_parents=\"0\" data-bg-image=\"http:\/\/jayananda.cz\/wp-content\/uploads\/2018\/05\/122582438.jpg\" data-bg-repeat=\"false\" ><\/div><div class=\"fusion-fullwidth fullwidth-box fusion-builder-row-3 fusion-parallax-up hundred-percent-fullwidth non-hundred-percent-height-scrolling\" style=\"--awb-border-radius-top-left:0px;--awb-border-radius-top-right:0px;--awb-border-radius-bottom-right:0px;--awb-border-radius-bottom-left:0px;--awb-padding-top:150px;--awb-padding-bottom:150px;--awb-background-image:url(&quot;http:\/\/jayananda.cz\/wp-content\/uploads\/2018\/05\/122582438.jpg&quot;);--awb-background-size:cover;\" ><div class=\"fusion-builder-row fusion-row\"><div class=\"fusion-layout-column fusion_builder_column fusion-builder-column-3 fusion_builder_column_1_1 1_1 fusion-one-full fusion-column-first fusion-column-last\" style=\"--awb-bg-size:cover;--awb-margin-bottom:0px;\"><div class=\"fusion-column-wrapper fusion-flex-column-wrapper-legacy\"><div class=\"fusion-image-element fusion-image-align-center in-legacy-container\" style=\"text-align:center;--awb-caption-title-font-family:var(--h2_typography-font-family);--awb-caption-title-font-weight:var(--h2_typography-font-weight);--awb-caption-title-font-style:var(--h2_typography-font-style);--awb-caption-title-size:var(--h2_typography-font-size);--awb-caption-title-transform:var(--h2_typography-text-transform);--awb-caption-title-line-height:var(--h2_typography-line-height);--awb-caption-title-letter-spacing:var(--h2_typography-letter-spacing);\"><div class=\"imageframe-align-center\"><span class=\" fusion-imageframe imageframe-none imageframe-1 hover-type-none\" class=\"image-magnify\" class=\"image-scroll\"><img decoding=\"async\" width=\"741\" height=\"209\" title=\"text-jaya\" src=\"http:\/\/jayananda.cz\/wp-content\/uploads\/2018\/05\/text-jaya.png\" alt class=\"img-responsive wp-image-42\" srcset=\"https:\/\/jayananda.cz\/wp-content\/uploads\/2018\/05\/text-jaya-200x56.png 200w, https:\/\/jayananda.cz\/wp-content\/uploads\/2018\/05\/text-jaya-400x113.png 400w, https:\/\/jayananda.cz\/wp-content\/uploads\/2018\/05\/text-jaya-600x169.png 600w, https:\/\/jayananda.cz\/wp-content\/uploads\/2018\/05\/text-jaya.png 741w\" sizes=\"(max-width: 800px) 100vw, 741px\" \/><\/span><\/div><\/div><div class=\"fusion-clearfix\"><\/div><\/div><\/div><\/div><\/div><div class=\"fusion-fullwidth fullwidth-box fusion-builder-row-4 nonhundred-percent-fullwidth non-hundred-percent-height-scrolling\" style=\"--awb-background-position:top left;--awb-border-color:#e5e4e4;--awb-border-radius-top-left:0px;--awb-border-radius-top-right:0px;--awb-border-radius-bottom-right:0px;--awb-border-radius-bottom-left:0px;--awb-padding-top:55px;--awb-padding-bottom:30px;--awb-background-color:#fff;--awb-border-sizes-top:0px;--awb-border-sizes-bottom:0px;\" ><div class=\"fusion-builder-row fusion-row\"><div class=\"fusion-layout-column fusion_builder_column fusion-builder-column-4 fusion_builder_column_1_1 1_1 fusion-one-full fusion-column-first fusion-column-last\" style=\"--awb-bg-size:cover;--awb-margin-bottom:0px;\"><div class=\"fusion-column-wrapper fusion-flex-column-wrapper-legacy\"><div class=\"fusion-title title fusion-title-1 fusion-sep-none fusion-title-center fusion-title-text fusion-title-size-one\"><h1 class=\"title-heading-center fusion-responsive-typography-calculated\" style=\"margin:0;--fontSize:33;line-height:1.45;\"><p style=\"text-align: center;\">Do you know the feeling when new gateways,<br \/>\npaths and horizons unfold in front of you? And suddenly the feelings<br \/>\nof fear and anxiety join, you doubt?<\/p><\/h1><\/div><div class=\"fusion-text fusion-text-1\"><h3 style=\"text-align: center; margin-top: -10px;\">From my life experience I can tell, that this is a good moment to stop, look back and accept and honor the path which had led me all the way here with gratitude. Then I always feel that right Here and Now I can continue on my way forward with trust. Open up to new things, people, feelings and knowledge. To new adventure, experience and subsequent change, which again adds another facet to the diamond of happy, fulfilled and meaningful life.<\/h3>\n<\/div><div class=\"fusion-clearfix\"><\/div><\/div><\/div><div class=\"fusion-layout-column fusion_builder_column fusion-builder-column-5 fusion_builder_column_1_1 1_1 fusion-one-full fusion-column-first fusion-column-last fusion-column-no-min-height\" style=\"--awb-bg-size:cover;--awb-margin-bottom:0px;\"><div class=\"fusion-column-wrapper fusion-flex-column-wrapper-legacy\"><div class=\"fusion-sep-clear\"><\/div><div class=\"fusion-separator fusion-full-width-sep\" style=\"margin-left: auto;margin-right: auto;margin-top:20px;margin-bottom:30px;width:100%;\"><div class=\"fusion-separator-border sep-single sep-dotted\" style=\"--awb-height:20px;--awb-amount:20px;--awb-sep-color:rgba(10,5,5,0.34);border-color:rgba(10,5,5,0.34);border-top-width:2px;\"><\/div><\/div><div class=\"fusion-sep-clear\"><\/div><div class=\"fusion-clearfix\"><\/div><\/div><\/div><div class=\"fusion-layout-column fusion_builder_column fusion-builder-column-6 fusion_builder_column_2_3 2_3 fusion-two-third fusion-column-first\" style=\"--awb-bg-size:cover;width:66.6666666667%;width:calc(66.6666666667% - ( ( 4% ) * 0.666666666667 ) );margin-right: 4%;\"><div class=\"fusion-column-wrapper fusion-flex-column-wrapper-legacy\"><div class=\"fusion-text fusion-text-2\"><p><span class=\"fusion-dropcap dropcap\">AND<\/span>so my mission in life is to guide people through difficult moments on the path of personal growth and the associated transformation. Maybe you come for a massage with me, you sign up for one of the long-term programs of healing therapy Abumandra, or you get the impulse to learn healing techniques of mind and body work in the school \u201cTao of conscious touch\u201d. You can attend regular lessons or weekends of traditional tantra yoga with its roots in the ancient Indian system Kaula, or you can come with me to yoga winter holidays in southern India, to the very source of this teachings. You always experience the basic principles of relaxation, healing and the joy of new experience. Each real and lasting change in our lives begins with releasing the old and by opening to the new. This is the message that comes from the depths of the ancient traditions of our planet as well as from the modern Tantric Shamanism, such as the quantum physics.<\/p>\n<p><strong>Most of us begin to feel that the right time for change is now.<\/strong><br \/>\n<em>I am looking forward to meet you<\/em><\/p>\n<\/div><div class=\"fusion-clearfix\"><\/div><\/div><\/div><div class=\"fusion-layout-column fusion_builder_column fusion-builder-column-7 fusion_builder_column_1_3 1_3 fusion-one-third fusion-column-last\" style=\"--awb-bg-size:cover;width:33.3333333333%;width:calc(33.3333333333% - ( ( 4% ) * 0.333333333333 ) );\"><div class=\"fusion-column-wrapper fusion-flex-column-wrapper-legacy\"><div class=\"fusion-title title fusion-title-2 fusion-sep-none fusion-title-text fusion-title-size-one\"><h1 class=\"title-heading-left fusion-responsive-typography-calculated\" style=\"margin:0;--fontSize:33;line-height:1.45;\"><h1>You always<br \/>\nexperience five<br \/>\nbasic principles:<\/h1><\/h1><\/div><ul style=\"--awb-iconcolor:#d4c201;--awb-line-height:23.8px;--awb-icon-width:23.8px;--awb-icon-height:23.8px;--awb-icon-margin:9.8px;--awb-content-margin:33.6px;\" class=\"fusion-checklist fusion-checklist-1 fusion-checklist-default type-icons\"><li class=\"fusion-li-item\" style=\"\"><span class=\"icon-wrapper circle-no\"><i class=\"fusion-li-icon fa-star fas\" aria-hidden=\"true\"><\/i><\/span><div class=\"fusion-li-item-content\">\n<p>relaxation of the body and mind\u2026<\/p>\n<\/div><\/li><li class=\"fusion-li-item\" style=\"\"><span class=\"icon-wrapper circle-no\"><i class=\"fusion-li-icon fa-star fas\" aria-hidden=\"true\"><\/i><\/span><div class=\"fusion-li-item-content\">\n<p>healing the relationship with ourselves and others\u2026<\/p>\n<\/div><\/li><li class=\"fusion-li-item\" style=\"\"><span class=\"icon-wrapper circle-no\"><i class=\"fusion-li-icon fa-star fas\" aria-hidden=\"true\"><\/i><\/span><div class=\"fusion-li-item-content\">\n<p>acceptance of our situation Here and Now\u2026<\/p>\n<\/div><\/li><li class=\"fusion-li-item\" style=\"\"><span class=\"icon-wrapper circle-no\"><i class=\"fusion-li-icon fa-star fas\" aria-hidden=\"true\"><\/i><\/span><div class=\"fusion-li-item-content\">\n<p>sharing both feelings and silence\u2026<\/p>\n<\/div><\/li><li class=\"fusion-li-item\" style=\"\"><span class=\"icon-wrapper circle-no\"><i class=\"fusion-li-icon fa-star fas\" aria-hidden=\"true\"><\/i><\/span><div class=\"fusion-li-item-content\">\n<p>the joy of new experience, new perspective on life and the world..<\/p>\n<\/div><\/li><\/ul><div class=\"fusion-clearfix\"><\/div><\/div><\/div><\/div><\/div><div class=\"fusion-fullwidth fullwidth-box fusion-builder-row-5 fusion-parallax-none nonhundred-percent-fullwidth non-hundred-percent-height-scrolling fusion-equal-height-columns\" style=\"--awb-border-radius-top-left:0px;--awb-border-radius-top-right:0px;--awb-border-radius-bottom-right:0px;--awb-border-radius-bottom-left:0px;--awb-padding-top:60px;--awb-padding-bottom:20px;--awb-margin-top:0px;--awb-margin-bottom:0px;--awb-background-image:url(&quot;http:\/\/jayananda.cz\/wp-content\/uploads\/2018\/05\/CTO_Back-2.jpg&quot;);--awb-background-size:cover;\" ><div class=\"fusion-builder-row fusion-row\"><div class=\"fusion-layout-column fusion_builder_column fusion-builder-column-8 fusion_builder_column_2_3 2_3 fusion-two-third fusion-column-first\" style=\"--awb-bg-size:cover;width:66.6666666667%;width:calc(66.6666666667% - ( ( 4% ) * 0.666666666667 ) );margin-right: 4%;\"><div class=\"fusion-column-wrapper fusion-flex-column-wrapper-legacy\"><div class=\"fusion-title title fusion-title-3 fusion-sep-none fusion-title-text fusion-title-size-one\"><h1 class=\"title-heading-left fusion-responsive-typography-calculated\" style=\"margin:0;--fontSize:33;line-height:1.45;\"><strong><span style=\"font-size: 50px; line-height: 0.6em; color: #ffffff;\">Do not hesitate to contact me and arrange a consultation.<\/span><\/strong><\/h1><\/div><div class=\"fusion-clearfix\"><\/div><\/div><\/div><div class=\"fusion-layout-column fusion_builder_column fusion-builder-column-9 fusion_builder_column_1_3 1_3 fusion-one-third fusion-column-last\" style=\"--awb-bg-size:cover;width:33.3333333333%;width:calc(33.3333333333% - ( ( 4% ) * 0.333333333333 ) );\"><div class=\"fusion-column-wrapper fusion-flex-column-wrapper-legacy\"><div class=\"fusion-column-content-centered\"><div class=\"fusion-column-content\"><div class=\"fusion-aligncenter\"><a class=\"fusion-button button-flat button-xlarge button-custom fusion-button-default button-1 fusion-button-default-span \" style=\"--button_accent_color:#d4c201;--button_border_color:#d4c201;--button_accent_hover_color:#ffffff;--button_border_hover_color:#ffffff;--button_border_width-top:0px;--button_border_width-right:0px;--button_border_width-bottom:0px;--button_border_width-left:0px;--button_gradient_top_color:#ffffff;--button_gradient_bottom_color:#ffffff;--button_gradient_top_color_hover:#d4c201;--button_gradient_bottom_color_hover:#d4c201;--button_text_transform:uppercase;\" target=\"_self\" href=\"https:\/\/jayananda.cz\/en\/contact\/\"><span class=\"fusion-button-text\">CONTACT ME<\/span><\/a><\/div><\/div><\/div><div class=\"fusion-clearfix\"><\/div><\/div><\/div><\/div><\/div>\n<\/p>\n","protected":false},"excerpt":{"rendered":"","protected":false},"author":1,"featured_media":0,"parent":0,"menu_order":0,"comment_status":"closed","ping_status":"closed","template":"100-width.php","meta":{"_exactmetrics_skip_tracking":false,"_exactmetrics_sitenote_active":false,"_exactmetrics_sitenote_note":"","_exactmetrics_sitenote_category":0},"yoast_head":"<!-- This site is optimized with the Yoast SEO plugin v21.8.1 - https:\/\/yoast.com\/wordpress\/plugins\/seo\/ -->\n<title>Home - Jayananda<\/title>\n<meta name=\"robots\" content=\"index, follow, max-snippet:-1, max-image-preview:large, max-video-preview:-1\" \/>\n<link rel=\"canonical\" href=\"https:\/\/jayananda.cz\/en\/\" \/>\n<meta property=\"og:locale\" content=\"en_US\" \/>\n<meta property=\"og:type\" content=\"article\" \/>\n<meta property=\"og:title\" content=\"Home - Jayananda\" \/>\n<meta property=\"og:url\" content=\"https:\/\/jayananda.cz\/en\/\" \/>\n<meta property=\"og:site_name\" content=\"Jayananda\" \/>\n<meta property=\"article:modified_time\" content=\"2018-06-09T08:59:38+00:00\" \/>\n<meta property=\"og:image\" content=\"https:\/\/jayananda.cz\/wp-content\/uploads\/2018\/05\/AHT-2.jpg\" \/>\n\t<meta property=\"og:image:width\" content=\"1400\" \/>\n\t<meta property=\"og:image:height\" content=\"762\" \/>\n\t<meta property=\"og:image:type\" content=\"image\/jpeg\" \/>\n<meta name=\"twitter:card\" content=\"summary_large_image\" \/>\n<meta name=\"twitter:label1\" content=\"Est. reading time\" \/>\n\t<meta name=\"twitter:data1\" content=\"7 minutes\" \/>\n<script type=\"application\/ld+json\" class=\"yoast-schema-graph\">{\"@context\":\"https:\/\/schema.org\",\"@graph\":[{\"@type\":\"WebPage\",\"@id\":\"https:\/\/jayananda.cz\/en\/\",\"url\":\"https:\/\/jayananda.cz\/en\/\",\"name\":\"Home - Jayananda\",\"isPartOf\":{\"@id\":\"https:\/\/jayananda.cz\/#website\"},\"datePublished\":\"2018-05-13T06:35:04+00:00\",\"dateModified\":\"2018-06-09T08:59:38+00:00\",\"breadcrumb\":{\"@id\":\"https:\/\/jayananda.cz\/en\/#breadcrumb\"},\"inLanguage\":\"en-US\",\"potentialAction\":[{\"@type\":\"ReadAction\",\"target\":[\"https:\/\/jayananda.cz\/en\/\"]}]},{\"@type\":\"BreadcrumbList\",\"@id\":\"https:\/\/jayananda.cz\/en\/#breadcrumb\",\"itemListElement\":[{\"@type\":\"ListItem\",\"position\":1,\"name\":\"Dom\u016f\",\"item\":\"https:\/\/jayananda.cz\/en\/\"},{\"@type\":\"ListItem\",\"position\":2,\"name\":\"Home\"}]},{\"@type\":\"WebSite\",\"@id\":\"https:\/\/jayananda.cz\/#website\",\"url\":\"https:\/\/jayananda.cz\/\",\"name\":\"Jayananda\",\"description\":\"Skute\u010dn\u00e1 zm\u011bna za\u010d\u00edn\u00e1 uvoln\u011bn\u00edm\",\"publisher\":{\"@id\":\"https:\/\/jayananda.cz\/#\/schema\/person\/262287123b8ea09e4cfefeba3241324e\"},\"potentialAction\":[{\"@type\":\"SearchAction\",\"target\":{\"@type\":\"EntryPoint\",\"urlTemplate\":\"https:\/\/jayananda.cz\/?s={search_term_string}\"},\"query-input\":\"required name=search_term_string\"}],\"inLanguage\":\"en-US\"},{\"@type\":[\"Person\",\"Organization\"],\"@id\":\"https:\/\/jayananda.cz\/#\/schema\/person\/262287123b8ea09e4cfefeba3241324e\",\"name\":\"Jayananda\",\"image\":{\"@type\":\"ImageObject\",\"inLanguage\":\"en-US\",\"@id\":\"https:\/\/jayananda.cz\/#\/schema\/person\/image\/\",\"url\":\"https:\/\/jayananda.cz\/wp-content\/uploads\/revslider\/JayaSlider\/marcel_hat.png\",\"contentUrl\":\"https:\/\/jayananda.cz\/wp-content\/uploads\/revslider\/JayaSlider\/marcel_hat.png\",\"width\":591,\"height\":500,\"caption\":\"Jayananda\"},\"logo\":{\"@id\":\"https:\/\/jayananda.cz\/#\/schema\/person\/image\/\"}}]}<\/script>\n<!-- \/ Yoast SEO plugin. -->","yoast_head_json":{"title":"Home - Jayananda","robots":{"index":"index","follow":"follow","max-snippet":"max-snippet:-1","max-image-preview":"max-image-preview:large","max-video-preview":"max-video-preview:-1"},"canonical":"https:\/\/jayananda.cz\/en\/","og_locale":"en_US","og_type":"article","og_title":"Home - Jayananda","og_url":"https:\/\/jayananda.cz\/en\/","og_site_name":"Jayananda","article_modified_time":"2018-06-09T08:59:38+00:00","og_image":[{"width":1400,"height":762,"url":"https:\/\/jayananda.cz\/wp-content\/uploads\/2018\/05\/AHT-2.jpg","type":"image\/jpeg"}],"twitter_card":"summary_large_image","twitter_misc":{"Est. reading time":"7 minutes"},"schema":{"@context":"https:\/\/schema.org","@graph":[{"@type":"WebPage","@id":"https:\/\/jayananda.cz\/en\/","url":"https:\/\/jayananda.cz\/en\/","name":"Home - Jayananda","isPartOf":{"@id":"https:\/\/jayananda.cz\/#website"},"datePublished":"2018-05-13T06:35:04+00:00","dateModified":"2018-06-09T08:59:38+00:00","breadcrumb":{"@id":"https:\/\/jayananda.cz\/en\/#breadcrumb"},"inLanguage":"en-US","potentialAction":[{"@type":"ReadAction","target":["https:\/\/jayananda.cz\/en\/"]}]},{"@type":"BreadcrumbList","@id":"https:\/\/jayananda.cz\/en\/#breadcrumb","itemListElement":[{"@type":"ListItem","position":1,"name":"Dom\u016f","item":"https:\/\/jayananda.cz\/en\/"},{"@type":"ListItem","position":2,"name":"Home"}]},{"@type":"WebSite","@id":"https:\/\/jayananda.cz\/#website","url":"https:\/\/jayananda.cz\/","name":"Jayananda","description":"Skute\u010dn\u00e1 zm\u011bna za\u010d\u00edn\u00e1 uvoln\u011bn\u00edm","publisher":{"@id":"https:\/\/jayananda.cz\/#\/schema\/person\/262287123b8ea09e4cfefeba3241324e"},"potentialAction":[{"@type":"SearchAction","target":{"@type":"EntryPoint","urlTemplate":"https:\/\/jayananda.cz\/?s={search_term_string}"},"query-input":"required name=search_term_string"}],"inLanguage":"en-US"},{"@type":["Person","Organization"],"@id":"https:\/\/jayananda.cz\/#\/schema\/person\/262287123b8ea09e4cfefeba3241324e","name":"Jayananda","image":{"@type":"ImageObject","inLanguage":"en-US","@id":"https:\/\/jayananda.cz\/#\/schema\/person\/image\/","url":"https:\/\/jayananda.cz\/wp-content\/uploads\/revslider\/JayaSlider\/marcel_hat.png","contentUrl":"https:\/\/jayananda.cz\/wp-content\/uploads\/revslider\/JayaSlider\/marcel_hat.png","width":591,"height":500,"caption":"Jayananda"},"logo":{"@id":"https:\/\/jayananda.cz\/#\/schema\/person\/image\/"}}]}},"_links":{"self":[{"href":"https:\/\/jayananda.cz\/en\/wp-json\/wp\/v2\/pages\/555"}],"collection":[{"href":"https:\/\/jayananda.cz\/en\/wp-json\/wp\/v2\/pages"}],"about":[{"href":"https:\/\/jayananda.cz\/en\/wp-json\/wp\/v2\/types\/page"}],"author":[{"embeddable":true,"href":"https:\/\/jayananda.cz\/en\/wp-json\/wp\/v2\/users\/1"}],"replies":[{"embeddable":true,"href":"https:\/\/jayananda.cz\/en\/wp-json\/wp\/v2\/comments?post=555"}],"version-history":[{"count":21,"href":"https:\/\/jayananda.cz\/en\/wp-json\/wp\/v2\/pages\/555\/revisions"}],"predecessor-version":[{"id":788,"href":"https:\/\/jayananda.cz\/en\/wp-json\/wp\/v2\/pages\/555\/revisions\/788"}],"wp:attachment":[{"href":"https:\/\/jayananda.cz\/en\/wp-json\/wp\/v2\/media?parent=555"}],"curies":[{"name":"wp","href":"https:\/\/api.w.org\/{rel}","templated":true}]}}