{"id":584,"date":"2018-05-13T10:25:26","date_gmt":"2018-05-13T08:25:26","guid":{"rendered":"http:\/\/jayananda.cz\/ceny\/"},"modified":"2024-03-12T22:23:26","modified_gmt":"2024-03-12T21:23:26","slug":"prices","status":"publish","type":"page","link":"https:\/\/jayananda.cz\/en\/prices\/","title":{"rendered":"Prices"},"content":{"rendered":"<p><div class=\"fusion-fullwidth fullwidth-box fusion-builder-row-1 nonhundred-percent-fullwidth non-hundred-percent-height-scrolling\" style=\"--awb-border-radius-top-left:0px;--awb-border-radius-top-right:0px;--awb-border-radius-bottom-right:0px;--awb-border-radius-bottom-left:0px;\" ><div class=\"fusion-builder-row fusion-row\"><div class=\"fusion-layout-column fusion_builder_column fusion-builder-column-0 fusion_builder_column_1_1 1_1 fusion-one-full fusion-column-first fusion-column-last\" style=\"--awb-bg-size:cover;\"><div class=\"fusion-column-wrapper fusion-flex-column-wrapper-legacy\"><div class=\"fusion-title title fusion-title-1 fusion-sep-none fusion-title-text fusion-title-size-one\"><h1 class=\"title-heading-left fusion-responsive-typography-calculated\" style=\"margin:0;--fontSize:33;line-height:1.45;\">Abumandra Healing Therapy<\/h1><\/div><div class=\"fusion-clearfix\"><\/div><\/div><\/div><\/div><\/div><div class=\"fusion-fullwidth fullwidth-box fusion-builder-row-2 nonhundred-percent-fullwidth non-hundred-percent-height-scrolling\" style=\"--awb-border-radius-top-left:0px;--awb-border-radius-top-right:0px;--awb-border-radius-bottom-right:0px;--awb-border-radius-bottom-left:0px;\" ><div class=\"fusion-builder-row fusion-row\"><div class=\"fusion-layout-column fusion_builder_column fusion-builder-column-1 fusion_builder_column_1_1 1_1 fusion-one-full fusion-column-first fusion-column-last\" style=\"--awb-bg-size:cover;\"><div class=\"fusion-column-wrapper fusion-flex-column-wrapper-legacy\"><div class=\"fusion-title title fusion-title-2 fusion-sep-none fusion-title-text fusion-title-size-two\"><h2 class=\"title-heading-left fusion-responsive-typography-calculated\" style=\"margin:0;--fontSize:18;--minFontSize:18;line-height:1.5;\">Massage prices<\/h2><\/div><style type='text\/css'>\n\t\t\t\t.pricing-table-1 .panel-container, .pricing-table-1 .standout .panel-container,\n\t\t\t\t.pricing-table-1.full-boxed-pricing {background-color:#f8f8f8;}\n\t\t\t\t.pricing-table-1 .list-group .list-group-item,\n\t\t\t\t.pricing-table-1 .list-group .list-group-item:last-child{background-color:#ffffff; border-color:#ededed;}\n\t\t\t\t.pricing-table-1.full-boxed-pricing .panel-wrapper:hover .panel-heading,\n\t\t\t\t.pricing-table-1 .panel-wrapper:hover .list-group-item {background-color:#f8f8f8;}\n\t\t\t\t.pricing-table-1.full-boxed-pricing .panel-heading{background-color:#ffffff;}\n\t\t\t\t.pricing-table-1 .fusion-panel, .pricing-table-1 .panel-wrapper:last-child .fusion-panel,\n\t\t\t\t.pricing-table-1 .standout .fusion-panel, .pricing-table-1  .panel-heading,\n\t\t\t\t.pricing-table-1 .panel-body, .pricing-table-1 .panel-footer{border-color:#ededed;}\n\t\t\t\t.pricing-table-1 .panel-body,.pricing-table-1 .panel-footer{background-color:#f8f8f8;}\n\t\t\t\t.pricing-table-1.sep-boxed-pricing .panel-heading h3{color:#333333;}\n\t\t\t\t.pricing-table-1.full-boxed-pricing.fusion-pricing-table .panel-heading h3{color:#333333;}\n\t\t\t\t.pricing-table-1.fusion-pricing-table .panel-body .price .decimal-part{color:#d4c201;}\n\t\t\t\t.pricing-table-1.fusion-pricing-table .panel-body .price .integer-part{color:#d4c201;}\n\t\t\t\t.pricing-table-1 ul.list-group li{color:#747474;}\n\t\t\t\t<\/style><div class=\"fusion-pricing-table pricing-table-1 full-boxed-pricing row fusion-columns-3 columns-3 fusion-clearfix\"><div class=\"panel-wrapper fusion-column column col-lg-4 col-md-4 col-sm-4 fusion-pricingtable-column\"><div class=\"panel-container\"><div class=\"fusion-panel\"><div class=\"panel-heading\"><h3 class=\"title-row\">Massage<\/h3><\/div><div class=\"panel-body pricing-row\"><div class=\"price \"><span class=\"currency\">\u20ac<\/span><span class=\"integer-part\">100\/hour<\/span><span class=\"time price-without-decimal\">minimum length of massage is 180min<\/span><\/div><\/div><\/ul><div class=\"panel-footer footer-row\"><div class=\"fusion-aligncenter\"><a class=\"fusion-button button-flat fusion-button-default-size button-default fusion-button-default button-1 fusion-button-default-span fusion-button-default-type\" style=\"--button_text_transform:uppercase;\" target=\"_self\" href=\"\/?page_id=182\"><span class=\"fusion-button-text\">ORDER<\/span><\/a><\/div><\/div><\/div><\/div><\/div><div class=\"panel-wrapper fusion-column column col-lg-4 col-md-4 col-sm-4 fusion-pricingtable-column\"><div class=\"panel-container\"><div class=\"fusion-panel\"><div class=\"panel-heading\"><h3 class=\"title-row\">halfday\/wholeday sessions of AHT<\/h3><\/div><div class=\"panel-body pricing-row\"><div class=\"price \"><span class=\"integer-part\">400\/650<\/span><span class=\"currency pos-right price-without-decimal\">\u20ac<\/span><span class=\"time pos-right price-without-decimal\">if the work is continuous for 2 or more days in row, the prize is doubled<\/span><\/div><\/div><\/ul><div class=\"panel-footer footer-row\"><div class=\"fusion-aligncenter\"><a class=\"fusion-button button-flat fusion-button-default-size button-default fusion-button-default button-2 fusion-button-default-span fusion-button-default-type\" style=\"--button_text_transform:uppercase;\" target=\"_self\" href=\"\/?page_id=182\"><span class=\"fusion-button-text\">ORDER<\/span><\/a><\/div><\/div><\/div><\/div><\/div><div class=\"panel-wrapper fusion-column column col-lg-4 col-md-4 col-sm-4 fusion-pricingtable-column\"><div class=\"panel-container\"><div class=\"fusion-panel\"><div class=\"panel-heading\"><h3 class=\"title-row\">Hijama<\/h3><\/div><div class=\"panel-body pricing-row\"><div class=\"price \"><span class=\"integer-part\">350<\/span><span class=\"currency pos-right price-without-decimal\">\u20ac<\/span><span class=\"time pos-right price-without-decimal\">180 minutes<\/span><\/div><\/div><\/ul><div class=\"panel-footer footer-row\"><div class=\"fusion-aligncenter\"><a class=\"fusion-button button-flat fusion-button-default-size button-default fusion-button-default button-3 fusion-button-default-span fusion-button-default-type\" style=\"--button_text_transform:uppercase;\" target=\"_self\" href=\"\/?page_id=182\"><span class=\"fusion-button-text\">ORDER<\/span><\/a><\/div><\/div><\/div><\/div><\/div><\/div><div class=\"fusion-clearfix\"><\/div><\/div><\/div><div class=\"fusion-layout-column fusion_builder_column fusion-builder-column-2 fusion_builder_column_1_1 1_1 fusion-one-full fusion-column-first fusion-column-last\" style=\"--awb-bg-size:cover;\"><div class=\"fusion-column-wrapper fusion-flex-column-wrapper-legacy\"><div class=\"fusion-sep-clear\"><\/div><div class=\"fusion-separator fusion-full-width-sep\" style=\"margin-left: auto;margin-right: auto;margin-bottom:50px;width:100%;\"><\/div><div class=\"fusion-sep-clear\"><\/div><div class=\"fusion-title title fusion-title-3 fusion-sep-none fusion-title-text fusion-title-size-two\"><h2 class=\"title-heading-left fusion-responsive-typography-calculated\" style=\"margin:0;--fontSize:18;--minFontSize:18;line-height:1.5;\">Prices of longterm programmes<\/h2><\/div><style type='text\/css'>\n\t\t\t\t.pricing-table-2 .panel-container, .pricing-table-2 .standout .panel-container,\n\t\t\t\t.pricing-table-2.full-boxed-pricing {background-color:#f8f8f8;}\n\t\t\t\t.pricing-table-2 .list-group .list-group-item,\n\t\t\t\t.pricing-table-2 .list-group .list-group-item:last-child{background-color:#ffffff; border-color:#ededed;}\n\t\t\t\t.pricing-table-2.full-boxed-pricing .panel-wrapper:hover .panel-heading,\n\t\t\t\t.pricing-table-2 .panel-wrapper:hover .list-group-item {background-color:#f8f8f8;}\n\t\t\t\t.pricing-table-2.full-boxed-pricing .panel-heading{background-color:#ffffff;}\n\t\t\t\t.pricing-table-2 .fusion-panel, .pricing-table-2 .panel-wrapper:last-child .fusion-panel,\n\t\t\t\t.pricing-table-2 .standout .fusion-panel, .pricing-table-2  .panel-heading,\n\t\t\t\t.pricing-table-2 .panel-body, .pricing-table-2 .panel-footer{border-color:#ededed;}\n\t\t\t\t.pricing-table-2 .panel-body,.pricing-table-2 .panel-footer{background-color:#f8f8f8;}\n\t\t\t\t.pricing-table-2.sep-boxed-pricing .panel-heading h3{color:#333333;}\n\t\t\t\t.pricing-table-2.full-boxed-pricing.fusion-pricing-table .panel-heading h3{color:#333333;}\n\t\t\t\t.pricing-table-2.fusion-pricing-table .panel-body .price .decimal-part{color:#d4c201;}\n\t\t\t\t.pricing-table-2.fusion-pricing-table .panel-body .price .integer-part{color:#d4c201;}\n\t\t\t\t.pricing-table-2 ul.list-group li{color:#747474;}\n\t\t\t\t<\/style><div class=\"fusion-pricing-table pricing-table-2 full-boxed-pricing row fusion-columns-3 columns-3 fusion-clearfix\"><div class=\"panel-wrapper fusion-column column col-lg-4 col-md-4 col-sm-4 fusion-pricingtable-column\"><div class=\"panel-container\"><div class=\"fusion-panel\"><div class=\"panel-heading\"><h3 class=\"title-row\">3 Months<\/h3><\/div><div class=\"panel-body pricing-row\"><div class=\"price \"><span class=\"integer-part\">2,200<\/span><span class=\"currency pos-right price-without-decimal\">\u20ac<\/span><span class=\"time pos-right price-without-decimal\">3 months<\/span><\/div><\/div><\/ul><div class=\"panel-footer footer-row\"><div class=\"fusion-aligncenter\"><a class=\"fusion-button button-flat fusion-button-default-size button-default fusion-button-default button-4 fusion-button-default-span fusion-button-default-type\" style=\"--button_text_transform:uppercase;\" target=\"_self\" href=\"\/?page_id=182\"><span class=\"fusion-button-text\">ORDER<\/span><\/a><\/div><\/div><\/div><\/div><\/div><div class=\"panel-wrapper fusion-column column col-lg-4 col-md-4 col-sm-4 fusion-pricingtable-column\"><div class=\"panel-container\"><div class=\"fusion-panel\"><div class=\"panel-heading\"><h3 class=\"title-row\">6 Months<\/h3><\/div><div class=\"panel-body pricing-row\"><div class=\"price \"><span class=\"integer-part\">4,000<\/span><span class=\"currency pos-right price-without-decimal\">\u20ac<\/span><span class=\"time pos-right price-without-decimal\">6 months<\/span><\/div><\/div><\/ul><div class=\"panel-footer footer-row\"><div class=\"fusion-aligncenter\"><a class=\"fusion-button button-flat fusion-button-default-size button-default fusion-button-default button-5 fusion-button-default-span fusion-button-default-type\" style=\"--button_text_transform:uppercase;\" target=\"_self\" href=\"\/?page_id=182\"><span class=\"fusion-button-text\">ORDER<\/span><\/a><\/div><\/div><\/div><\/div><\/div><div class=\"panel-wrapper fusion-column column col-lg-4 col-md-4 col-sm-4 fusion-pricingtable-column\"><div class=\"panel-container\"><div class=\"fusion-panel\"><div class=\"panel-heading\"><h3 class=\"title-row\">9 Months<\/h3><\/div><div class=\"panel-body pricing-row\"><div class=\"price \"><span class=\"integer-part\">6,000<\/span><span class=\"currency pos-right price-without-decimal\">\u20ac<\/span><span class=\"time pos-right price-without-decimal\">9 months<\/span><\/div><\/div><\/ul><div class=\"panel-footer footer-row\"><div class=\"fusion-aligncenter\"><a class=\"fusion-button button-flat fusion-button-default-size button-default fusion-button-default button-6 fusion-button-default-span fusion-button-default-type\" style=\"--button_text_transform:uppercase;\" target=\"_self\" href=\"\/?page_id=182\"><span class=\"fusion-button-text\">ORDER<\/span><\/a><\/div><\/div><\/div><\/div><\/div><\/div><div class=\"fusion-clearfix\"><\/div><\/div><\/div><div class=\"fusion-layout-column fusion_builder_column fusion-builder-column-3 fusion_builder_column_1_1 1_1 fusion-one-full fusion-column-first fusion-column-last\" style=\"--awb-bg-size:cover;\"><div class=\"fusion-column-wrapper fusion-flex-column-wrapper-legacy\"><div class=\"fusion-sep-clear\"><\/div><div class=\"fusion-separator fusion-full-width-sep\" style=\"margin-left: auto;margin-right: auto;margin-bottom:50px;width:100%;\"><\/div><div class=\"fusion-sep-clear\"><\/div><div class=\"fusion-title title fusion-title-4 fusion-sep-none fusion-title-text fusion-title-size-two\"><h2 class=\"title-heading-left fusion-responsive-typography-calculated\" style=\"margin:0;--fontSize:18;--minFontSize:18;line-height:1.5;\">Consultation, guidance and teaching<\/h2><\/div><style type='text\/css'>\n\t\t\t\t.pricing-table-3 .panel-container, .pricing-table-3 .standout .panel-container,\n\t\t\t\t.pricing-table-3.full-boxed-pricing {background-color:#f8f8f8;}\n\t\t\t\t.pricing-table-3 .list-group .list-group-item,\n\t\t\t\t.pricing-table-3 .list-group .list-group-item:last-child{background-color:#ffffff; border-color:#ededed;}\n\t\t\t\t.pricing-table-3.full-boxed-pricing .panel-wrapper:hover .panel-heading,\n\t\t\t\t.pricing-table-3 .panel-wrapper:hover .list-group-item {background-color:#f8f8f8;}\n\t\t\t\t.pricing-table-3.full-boxed-pricing .panel-heading{background-color:#ffffff;}\n\t\t\t\t.pricing-table-3 .fusion-panel, .pricing-table-3 .panel-wrapper:last-child .fusion-panel,\n\t\t\t\t.pricing-table-3 .standout .fusion-panel, .pricing-table-3  .panel-heading,\n\t\t\t\t.pricing-table-3 .panel-body, .pricing-table-3 .panel-footer{border-color:#ededed;}\n\t\t\t\t.pricing-table-3 .panel-body,.pricing-table-3 .panel-footer{background-color:#f8f8f8;}\n\t\t\t\t.pricing-table-3.sep-boxed-pricing .panel-heading h3{color:#333333;}\n\t\t\t\t.pricing-table-3.full-boxed-pricing.fusion-pricing-table .panel-heading h3{color:#333333;}\n\t\t\t\t.pricing-table-3.fusion-pricing-table .panel-body .price .decimal-part{color:#d4c201;}\n\t\t\t\t.pricing-table-3.fusion-pricing-table .panel-body .price .integer-part{color:#d4c201;}\n\t\t\t\t.pricing-table-3 ul.list-group li{color:#747474;}\n\t\t\t\t<\/style><div class=\"fusion-pricing-table pricing-table-3 full-boxed-pricing row fusion-columns-3 columns-3 fusion-clearfix\"><div class=\"panel-wrapper fusion-column column col-lg-4 col-md-4 col-sm-4 fusion-pricingtable-column\"><div class=\"panel-container\"><div class=\"fusion-panel\"><div class=\"panel-heading\"><h3 class=\"title-row\">Individual<\/h3><\/div><div class=\"panel-body pricing-row\"><div class=\"price \"><span class=\"integer-part\">80<\/span><span class=\"currency pos-right price-without-decimal\">\u20ac<\/span><span class=\"time pos-right price-without-decimal\">hour<\/span><\/div><\/div><\/ul><div class=\"panel-footer footer-row\"><div class=\"fusion-aligncenter\"><a class=\"fusion-button button-flat fusion-button-default-size button-default fusion-button-default button-7 fusion-button-default-span fusion-button-default-type\" style=\"--button_text_transform:uppercase;\" target=\"_self\" href=\"\/?page_id=182\"><span class=\"fusion-button-text\">ORDER<\/span><\/a><\/div><\/div><\/div><\/div><\/div><div class=\"panel-wrapper fusion-column column col-lg-4 col-md-4 col-sm-4 fusion-pricingtable-column\"><div class=\"panel-container\"><div class=\"fusion-panel\"><div class=\"panel-heading\"><h3 class=\"title-row\">Couples<\/h3><\/div><div class=\"panel-body pricing-row\"><div class=\"price \"><span class=\"integer-part\">100<\/span><span class=\"currency pos-right price-without-decimal\">\u20ac<\/span><span class=\"time pos-right price-without-decimal\">hour<\/span><\/div><\/div><\/ul><div class=\"panel-footer footer-row\"><div class=\"fusion-aligncenter\"><a class=\"fusion-button button-flat fusion-button-default-size button-default fusion-button-default button-8 fusion-button-default-span fusion-button-default-type\" style=\"--button_text_transform:uppercase;\" target=\"_self\" href=\"\/?page_id=182\"><span class=\"fusion-button-text\">ORDER<\/span><\/a><\/div><\/div><\/div><\/div><\/div><div class=\"panel-wrapper fusion-column column col-lg-4 col-md-4 col-sm-4 fusion-pricingtable-column\"><div class=\"panel-container\"><div class=\"fusion-panel\"><div class=\"panel-heading\"><h3 class=\"title-row\">Groups<\/h3><\/div><div class=\"panel-body pricing-row\"><div class=\"price \"><span class=\"integer-part\">On agreement<\/span><span class=\"currency pos-right price-without-decimal\"><\/span><\/div><\/div><\/ul><div class=\"panel-footer footer-row\"><div class=\"fusion-aligncenter\"><a class=\"fusion-button button-flat fusion-button-default-size button-default fusion-button-default button-9 fusion-button-default-span fusion-button-default-type\" style=\"--button_text_transform:uppercase;\" target=\"_self\" href=\"\/?page_id=182\"><span class=\"fusion-button-text\">ORDER<\/span><\/a><\/div><\/div><\/div><\/div><\/div><\/div><div class=\"fusion-clearfix\"><\/div><\/div><\/div><\/div><\/div><div class=\"fusion-fullwidth fullwidth-box fusion-builder-row-3 fusion-parallax-none nonhundred-percent-fullwidth non-hundred-percent-height-scrolling fusion-equal-height-columns\" style=\"--awb-border-radius-top-left:0px;--awb-border-radius-top-right:0px;--awb-border-radius-bottom-right:0px;--awb-border-radius-bottom-left:0px;--awb-padding-top:60px;--awb-padding-bottom:20px;--awb-margin-top:0px;--awb-margin-bottom:0px;--awb-background-image:url(&quot;http:\/\/jayananda.cz\/wp-content\/uploads\/2018\/05\/CTO_Back-2.jpg&quot;);--awb-background-size:cover;\" ><div class=\"fusion-builder-row fusion-row\"><div class=\"fusion-layout-column fusion_builder_column fusion-builder-column-4 fusion_builder_column_2_3 2_3 fusion-two-third fusion-column-first\" style=\"--awb-bg-size:cover;width:66.6666666667%;width:calc(66.6666666667% - ( ( 4% ) * 0.666666666667 ) );margin-right: 4%;\"><div class=\"fusion-column-wrapper fusion-flex-column-wrapper-legacy\"><div class=\"fusion-title title fusion-title-5 fusion-sep-none fusion-title-text fusion-title-size-one\"><h1 class=\"title-heading-left fusion-responsive-typography-calculated\" style=\"margin:0;--fontSize:33;line-height:1.45;\"><strong><span style=\"font-size: 50px; line-height: 0.6em; color: #ffffff;\">Do not hesitate to contact me and arrange a consultation.<\/span><\/strong><\/h1><\/div><div class=\"fusion-clearfix\"><\/div><\/div><\/div><div class=\"fusion-layout-column fusion_builder_column fusion-builder-column-5 fusion_builder_column_1_3 1_3 fusion-one-third fusion-column-last\" style=\"--awb-bg-size:cover;width:33.3333333333%;width:calc(33.3333333333% - ( ( 4% ) * 0.333333333333 ) );\"><div class=\"fusion-column-wrapper fusion-flex-column-wrapper-legacy\"><div class=\"fusion-column-content-centered\"><div class=\"fusion-column-content\"><div class=\"fusion-aligncenter\"><a class=\"fusion-button button-flat button-xlarge button-custom fusion-button-default button-10 fusion-button-default-span \" style=\"--button_accent_color:#d4c201;--button_border_color:#d4c201;--button_accent_hover_color:#ffffff;--button_border_hover_color:#ffffff;--button_border_width-top:0px;--button_border_width-right:0px;--button_border_width-bottom:0px;--button_border_width-left:0px;--button_gradient_top_color:#ffffff;--button_gradient_bottom_color:#ffffff;--button_gradient_top_color_hover:#d4c201;--button_gradient_bottom_color_hover:#d4c201;--button_text_transform:uppercase;\" target=\"_self\" href=\"https:\/\/jayananda.cz\/en\/contact\/\"><span class=\"fusion-button-text\">CONTACT ME<\/span><\/a><\/div><\/div><\/div><div class=\"fusion-clearfix\"><\/div><\/div><\/div><\/div><\/div>\n<\/p>\n","protected":false},"excerpt":{"rendered":"","protected":false},"author":1,"featured_media":0,"parent":0,"menu_order":0,"comment_status":"closed","ping_status":"closed","template":"100-width.php","meta":{"_exactmetrics_skip_tracking":false,"_exactmetrics_sitenote_active":false,"_exactmetrics_sitenote_note":"","_exactmetrics_sitenote_category":0},"yoast_head":"<!-- This site is optimized with the Yoast SEO plugin v21.8.1 - https:\/\/yoast.com\/wordpress\/plugins\/seo\/ -->\n<title>Prices - Jayananda<\/title>\n<meta name=\"robots\" content=\"index, follow, max-snippet:-1, max-image-preview:large, max-video-preview:-1\" \/>\n<link rel=\"canonical\" href=\"https:\/\/jayananda.cz\/en\/prices\/\" \/>\n<meta property=\"og:locale\" content=\"en_US\" \/>\n<meta property=\"og:type\" content=\"article\" \/>\n<meta property=\"og:title\" content=\"Prices - Jayananda\" \/>\n<meta property=\"og:url\" content=\"https:\/\/jayananda.cz\/en\/prices\/\" \/>\n<meta property=\"og:site_name\" content=\"Jayananda\" \/>\n<meta property=\"article:modified_time\" content=\"2024-03-12T21:23:26+00:00\" \/>\n<meta property=\"og:image\" content=\"https:\/\/jayananda.cz\/wp-content\/uploads\/2018\/05\/AHT-2.jpg\" \/>\n\t<meta property=\"og:image:width\" content=\"1400\" \/>\n\t<meta property=\"og:image:height\" content=\"762\" \/>\n\t<meta property=\"og:image:type\" content=\"image\/jpeg\" \/>\n<meta name=\"twitter:card\" content=\"summary_large_image\" \/>\n<meta name=\"twitter:label1\" content=\"Est. reading time\" \/>\n\t<meta name=\"twitter:data1\" content=\"5 minutes\" \/>\n<script type=\"application\/ld+json\" class=\"yoast-schema-graph\">{\"@context\":\"https:\/\/schema.org\",\"@graph\":[{\"@type\":\"WebPage\",\"@id\":\"https:\/\/jayananda.cz\/en\/prices\/\",\"url\":\"https:\/\/jayananda.cz\/en\/prices\/\",\"name\":\"Prices - Jayananda\",\"isPartOf\":{\"@id\":\"https:\/\/jayananda.cz\/#website\"},\"datePublished\":\"2018-05-13T08:25:26+00:00\",\"dateModified\":\"2024-03-12T21:23:26+00:00\",\"breadcrumb\":{\"@id\":\"https:\/\/jayananda.cz\/en\/prices\/#breadcrumb\"},\"inLanguage\":\"en-US\",\"potentialAction\":[{\"@type\":\"ReadAction\",\"target\":[\"https:\/\/jayananda.cz\/en\/prices\/\"]}]},{\"@type\":\"BreadcrumbList\",\"@id\":\"https:\/\/jayananda.cz\/en\/prices\/#breadcrumb\",\"itemListElement\":[{\"@type\":\"ListItem\",\"position\":1,\"name\":\"Dom\u016f\",\"item\":\"https:\/\/jayananda.cz\/en\/\"},{\"@type\":\"ListItem\",\"position\":2,\"name\":\"Prices\"}]},{\"@type\":\"WebSite\",\"@id\":\"https:\/\/jayananda.cz\/#website\",\"url\":\"https:\/\/jayananda.cz\/\",\"name\":\"Jayananda\",\"description\":\"Skute\u010dn\u00e1 zm\u011bna za\u010d\u00edn\u00e1 uvoln\u011bn\u00edm\",\"publisher\":{\"@id\":\"https:\/\/jayananda.cz\/#\/schema\/person\/262287123b8ea09e4cfefeba3241324e\"},\"potentialAction\":[{\"@type\":\"SearchAction\",\"target\":{\"@type\":\"EntryPoint\",\"urlTemplate\":\"https:\/\/jayananda.cz\/?s={search_term_string}\"},\"query-input\":\"required name=search_term_string\"}],\"inLanguage\":\"en-US\"},{\"@type\":[\"Person\",\"Organization\"],\"@id\":\"https:\/\/jayananda.cz\/#\/schema\/person\/262287123b8ea09e4cfefeba3241324e\",\"name\":\"Jayananda\",\"image\":{\"@type\":\"ImageObject\",\"inLanguage\":\"en-US\",\"@id\":\"https:\/\/jayananda.cz\/#\/schema\/person\/image\/\",\"url\":\"https:\/\/jayananda.cz\/wp-content\/uploads\/revslider\/JayaSlider\/marcel_hat.png\",\"contentUrl\":\"https:\/\/jayananda.cz\/wp-content\/uploads\/revslider\/JayaSlider\/marcel_hat.png\",\"width\":591,\"height\":500,\"caption\":\"Jayananda\"},\"logo\":{\"@id\":\"https:\/\/jayananda.cz\/#\/schema\/person\/image\/\"}}]}<\/script>\n<!-- \/ Yoast SEO plugin. -->","yoast_head_json":{"title":"Prices - Jayananda","robots":{"index":"index","follow":"follow","max-snippet":"max-snippet:-1","max-image-preview":"max-image-preview:large","max-video-preview":"max-video-preview:-1"},"canonical":"https:\/\/jayananda.cz\/en\/prices\/","og_locale":"en_US","og_type":"article","og_title":"Prices - Jayananda","og_url":"https:\/\/jayananda.cz\/en\/prices\/","og_site_name":"Jayananda","article_modified_time":"2024-03-12T21:23:26+00:00","og_image":[{"width":1400,"height":762,"url":"https:\/\/jayananda.cz\/wp-content\/uploads\/2018\/05\/AHT-2.jpg","type":"image\/jpeg"}],"twitter_card":"summary_large_image","twitter_misc":{"Est. reading time":"5 minutes"},"schema":{"@context":"https:\/\/schema.org","@graph":[{"@type":"WebPage","@id":"https:\/\/jayananda.cz\/en\/prices\/","url":"https:\/\/jayananda.cz\/en\/prices\/","name":"Prices - Jayananda","isPartOf":{"@id":"https:\/\/jayananda.cz\/#website"},"datePublished":"2018-05-13T08:25:26+00:00","dateModified":"2024-03-12T21:23:26+00:00","breadcrumb":{"@id":"https:\/\/jayananda.cz\/en\/prices\/#breadcrumb"},"inLanguage":"en-US","potentialAction":[{"@type":"ReadAction","target":["https:\/\/jayananda.cz\/en\/prices\/"]}]},{"@type":"BreadcrumbList","@id":"https:\/\/jayananda.cz\/en\/prices\/#breadcrumb","itemListElement":[{"@type":"ListItem","position":1,"name":"Dom\u016f","item":"https:\/\/jayananda.cz\/en\/"},{"@type":"ListItem","position":2,"name":"Prices"}]},{"@type":"WebSite","@id":"https:\/\/jayananda.cz\/#website","url":"https:\/\/jayananda.cz\/","name":"Jayananda","description":"Skute\u010dn\u00e1 zm\u011bna za\u010d\u00edn\u00e1 uvoln\u011bn\u00edm","publisher":{"@id":"https:\/\/jayananda.cz\/#\/schema\/person\/262287123b8ea09e4cfefeba3241324e"},"potentialAction":[{"@type":"SearchAction","target":{"@type":"EntryPoint","urlTemplate":"https:\/\/jayananda.cz\/?s={search_term_string}"},"query-input":"required name=search_term_string"}],"inLanguage":"en-US"},{"@type":["Person","Organization"],"@id":"https:\/\/jayananda.cz\/#\/schema\/person\/262287123b8ea09e4cfefeba3241324e","name":"Jayananda","image":{"@type":"ImageObject","inLanguage":"en-US","@id":"https:\/\/jayananda.cz\/#\/schema\/person\/image\/","url":"https:\/\/jayananda.cz\/wp-content\/uploads\/revslider\/JayaSlider\/marcel_hat.png","contentUrl":"https:\/\/jayananda.cz\/wp-content\/uploads\/revslider\/JayaSlider\/marcel_hat.png","width":591,"height":500,"caption":"Jayananda"},"logo":{"@id":"https:\/\/jayananda.cz\/#\/schema\/person\/image\/"}}]}},"_links":{"self":[{"href":"https:\/\/jayananda.cz\/en\/wp-json\/wp\/v2\/pages\/584"}],"collection":[{"href":"https:\/\/jayananda.cz\/en\/wp-json\/wp\/v2\/pages"}],"about":[{"href":"https:\/\/jayananda.cz\/en\/wp-json\/wp\/v2\/types\/page"}],"author":[{"embeddable":true,"href":"https:\/\/jayananda.cz\/en\/wp-json\/wp\/v2\/users\/1"}],"replies":[{"embeddable":true,"href":"https:\/\/jayananda.cz\/en\/wp-json\/wp\/v2\/comments?post=584"}],"version-history":[{"count":22,"href":"https:\/\/jayananda.cz\/en\/wp-json\/wp\/v2\/pages\/584\/revisions"}],"predecessor-version":[{"id":8725,"href":"https:\/\/jayananda.cz\/en\/wp-json\/wp\/v2\/pages\/584\/revisions\/8725"}],"wp:attachment":[{"href":"https:\/\/jayananda.cz\/en\/wp-json\/wp\/v2\/media?parent=584"}],"curies":[{"name":"wp","href":"https:\/\/api.w.org\/{rel}","templated":true}]}}