{"id":681,"date":"2018-05-18T15:03:20","date_gmt":"2018-05-18T14:03:20","guid":{"rendered":"http:\/\/jayananda.cz\/zasady-ochrany-osobnich-udaju\/"},"modified":"2018-05-29T09:52:30","modified_gmt":"2018-05-29T08:52:30","slug":"privacy-policy","status":"publish","type":"page","link":"https:\/\/jayananda.cz\/en\/privacy-policy\/","title":{"rendered":"Privacy policy"},"content":{"rendered":"<p><div class=\"fusion-fullwidth fullwidth-box fusion-builder-row-1 fusion-parallax-none nonhundred-percent-fullwidth non-hundred-percent-height-scrolling\" style=\"--awb-border-radius-top-left:0px;--awb-border-radius-top-right:0px;--awb-border-radius-bottom-right:0px;--awb-border-radius-bottom-left:0px;--awb-padding-top:80px;--awb-padding-bottom:120px;--awb-background-image:url(&quot;http:\/\/jayananda.cz\/wp-content\/uploads\/2018\/05\/AHT-2.jpg&quot;);--awb-background-size:cover;\" ><div class=\"fusion-builder-row fusion-row\"><div class=\"fusion-layout-column fusion_builder_column fusion-builder-column-0 fusion_builder_column_1_1 1_1 fusion-one-full fusion-column-first fusion-column-last\" style=\"--awb-bg-size:cover;\"><div class=\"fusion-column-wrapper fusion-flex-column-wrapper-legacy\"><div class=\"fusion-title title fusion-title-1 fusion-sep-none fusion-title-center fusion-title-text fusion-title-size-one\"><h1 class=\"title-heading-center fusion-responsive-typography-calculated\" style=\"margin:0;--fontSize:33;line-height:1.45;\">Privacy policy<\/h1><\/div><div class=\"fusion-clearfix\"><\/div><\/div><\/div><\/div><\/div><div class=\"fusion-fullwidth fullwidth-box fusion-builder-row-2 nonhundred-percent-fullwidth non-hundred-percent-height-scrolling\" style=\"--awb-border-radius-top-left:0px;--awb-border-radius-top-right:0px;--awb-border-radius-bottom-right:0px;--awb-border-radius-bottom-left:0px;\" ><div class=\"fusion-builder-row fusion-row\"><div class=\"fusion-layout-column fusion_builder_column fusion-builder-column-1 fusion_builder_column_1_1 1_1 fusion-one-full fusion-column-first fusion-column-last\" style=\"--awb-bg-size:cover;\"><div class=\"fusion-column-wrapper fusion-flex-column-wrapper-legacy\"><div class=\"fusion-sep-clear\"><\/div><div class=\"fusion-separator fusion-full-width-sep\" style=\"margin-left: auto;margin-right: auto;margin-bottom:60px;width:100%;\"><\/div><div class=\"fusion-sep-clear\"><\/div><div class=\"fusion-text fusion-text-1\"><p>If you are our client, receive our newsletters or visit our websites you share your personal data with us. We would like to make you aware of the General Data Protection Regulation (GDPR) in relation to personal data protection, rules and associated rights.<\/p>\n<p><strong>Who is a controller?<br \/>\n<\/strong>We are Body Adventure s.r.o., I\u010cO 05883270, residing at Prim\u00e1torsk\u00e1 296\/38, 180 00 Praha 8 incorporated in the Register of Companies at the Municipal Court in Prague, section C, insert 272257. We host\u00a0<a href=\"http:\/\/www.andrewbarnes.cz\/\">www.jayananda.cz<\/a>\u00a0and we are a controller of your personal data. This means that we are responsible for, and control the processing of, the personal information you provide to us when using this website, in accordance with this privacy policy. As a controller, we decide how your personal data will be processed, for what purpose and length of time it will kept and we may also appoint other data processors that will support us with the processing of your data.<\/p>\n<p><strong>Contact information<br \/>\n<\/strong>If you wish to view, edit or delete your personal data or ask any related questions, please contact us<br \/>\nby phone on +420 724 247 001 or by\u00a0<a href=\"mailto:info@andrewbarnes.cz\">e-mail: info@jayananda.cz<\/a>.<\/p>\n<p><strong>Declaration<br \/>\n<\/strong>We declare that we are a controller of your personal data and as such, we are in compliance with all legal requirements of the current legislation, particularly the Data Protection Act and GDPR. Therefore we will only process your personal data when there are legitimate grounds to do so, especially where there is a legitimate interest, contractual obligations, legal obligations or when we have your consent. In accordance with Article 13 of the GDPR, we comply\u00a0with the obligation to notify you prior to us processing your\u00a0personal data. You will have our support should you wish to exercise your rights in line with the Data Protection Act and GDPR.<\/p>\n<p><strong>What data we collect and for what purpose<br \/>\n<\/strong>We process personal information you entrust us with for the following purposes:<\/p>\n<p><strong>&#8211; Provision of services, contractual obligations<br \/>\n<\/strong>Your personal details, such as your e-mail, full name, phone number and town are all required to fulfil contractual obligations, e.g. to send you detailed information on seminars you have signed up for, arranging carshare, etc.<\/p>\n<p><strong>&#8211; Accounting<br \/>\n<\/strong>We need your personal details (invoicing details) to comply with all legal requirements for issuing and keeping records of all invoices and bills.<\/p>\n<p><strong>&#8211; Marketing \u2013 sending newsletters<br \/>\n<\/strong>Your e-mail address and full name are required if you wish to receive our newsletter emails about Andrew&#8217;s programmes in the Czech Republic and you have subscribed to them via the subscription form on this website.<br \/>\nIf you participated in or booked any of our events we collect information you provided to us when registering, usually your full name, email address, town and phone number. The data we keep about you is kept to a minimum. If you are our customer we have a legitimate interest do so as we have a reason to believe you are interested in our news, for up to 5 years after your last registration.<\/p>\n<p>If you are not our customer we are sending you our newsletter emails based on your consent, for up to 5 years from receiving your consent. In both cases, you can revoke your consent by using the Unsubscribe link you can find in every newsletter e-mail you receive from us.<\/p>\n<p><strong>&#8211; \u00a0Advanced marketing with your consent<\/strong><br \/>\nOnly if we have your consent will we send you inspirational newsletters from third parties, for up to 5 years of receiving your consent. You can revoke your consent by using the Unsubscribe link you can find in every newsletter e-mail you receive from us.<\/p>\n<p><strong>&#8211; \u00a0Photos and videos from our workshops<\/strong><br \/>\nWe take photos and videos during some of our seminars. Some of these photos are used in our marketing materials, particularly our website. The videos are available to the online participants of our seminars. We will never disclose the names of the participants in these materials. Should you wish not to appear on the photographs, please let us know. We will keep your personal data during the\u00a0period of limitation unless the statutory limitation period is longer or we have stated otherwise in specific cases.<\/p>\n<p><strong>Cookies<br \/>\n<\/strong>When you visit our website, we record your IP address, how long you stay on our website and which website you have arrived from. We use cookies to track the visits to our website. We will only use cookies for providing targeted advertisement when we have your consent. Should you wish to reject or block the use of cookies, you can do so at any time, usually by clicking &#8220;Help&#8221; in your browser.<\/p>\n<p><strong>How we store and process your data<br \/>\n<\/strong>We store collected data in our internal computer systems, where only a limited number of people can access it. We protect your personal data to the maximum extent using modern technologies available to us at the time. We protect it as our own data. We have implemented all currently known technical and organisational measures to prevent misuse, corruption or destruction of your personal data.<\/p>\n<p><strong>Sharing your information with third parties<br \/>\n<\/strong>We provide collected data to our organisers who use it exclusively for provision of services connected to us. Your data can only be accessed by our co-workers who are all bound by non-disclosure agreements and have been trained on safe processing of personal data.<br \/>\nWe do disclose or transfer your data or personal information to other companies, data processors to perform any necessary functions on our behalf (such as\u00a0Smartemailing, Fakturoid, Facebook, Google, Body Adventure). It is possible we may choose to utilise other applications and data processors in future to simplify and improve data processing. We commit to you that in such cases, we will apply the same stringent criteria we abide by ourselves.<\/p>\n<p><strong>Transfers of your information out of the EEA<br \/>\n<\/strong>We process data exclusively in the EEA or in countries that provide an adequate level of data protection in line with the directive of the European Commission.<\/p>\n<p><strong>Your rights<br \/>\n<\/strong>In order to process any of the requests listed below, we may need to verify your identity for your security. In such cases your response will be necessary for you to exercise this right.\u00a0\u00a0If you wish to exercise any of these rights please contact us by\u00a0<a href=\"mailto:info@andrewbarnes.cz\">e-mail: info@jayananda.cz<\/a>.<\/p>\n<p><strong>The right to access information we hold about you<br \/>\n<\/strong>You can contact us to request details concerning the information we hold about you, why we have that information. We will respond within 30 days.<\/p>\n<p><strong>The right to correct and update the information\u00a0<\/strong>we hold about you. If the data we hold about you is out of date, incomplete or incorrect, you can inform us and we will ensure that it is updated.<\/p>\n<p><strong>The right to have your information erased<\/strong><br \/>\nIf you feel that we should no longer be using your data or that we are illegally using your data, you can request that we erase the data we hold. When we receive your request, we will confirm whether the data has been deleted or tell you the reason why it cannot be deleted. You can also limit the extent of personal data we keep or the purpose for processing it. For example, you can unsubscribe from our newsletter and thus limit data processing when it comes to sending commercial updates.<\/p>\n<p><strong>The right to data portability<\/strong><br \/>\nYou have the right to request that we transfer your data to another controller. We will require 15 days to process your request.<\/p>\n<p><strong>The right to object to processing of your data<\/strong><\/p>\n<p>You have the right to request that we stop processing your data. We will contact you to tell you if we are able to comply or if we have legitimate grounds to continue. If data is no longer processed, we may continue to hold your data to comply with your other rights.\u00a0We will respond within 30 days.<\/p>\n<p><strong>The right to be forgotten<\/strong><br \/>\nAnther right you have is the right to be forgotten. We do not want to forget about you, however, should you wish us to do so you can exercise this right. In such cases, we will delete all your personal data from our system and the systems of all our sub-contractors and back-up systems. Under certain circumstances, we are bound by legal obligations to retain your data, for example we need to keep invoice records for a period of time set by law. In these cases, we will delete all your personal data that we are not legally bound to retain. We will inform you by email when the data has been deleted.<\/p>\n<p><strong>Lodging a complaint with the Authority for Personal Data Protection<\/strong><br \/>\nIf you feel we are not processing your data in compliance with the law, you have the right to complain at the Authority for Personal Data Protection. If you hold suspicion your data is not being processed correctly, we would very much appreciate it if you could contact us in the first instance and give us the opportunity to look into it and rectify any\u00a0wrongdoing.<\/p>\n<p><strong>The right to ask us to stop contacting you with direct marketing<\/strong><br \/>\nNewsletters with inspirations or with information about our programme are only sent to you in two cases. You are either our customer and it is in your legitimate interest to receive them or you are not our customer, however, you have given us your consent to do so. In both cases, you unsubscribe from our newsletters by clicking on the Unsubscribe link at the bottom of each newsletter email.<\/p>\n<p><strong>Confidentiality<\/strong><br \/>\nWe would like to assure you that our co-workers that process your personal data are all bound to keep your personal data confidential and they are not allowed to disclose any information about the safety measures in place to protect your personal data. Your personal data will not be disclosed to any third parties without your consent.<\/p>\n<p>This privacy policy will be effective from 25th May, 2018 and they replace our previous Privacy Policy.<\/p>\n<\/div><div class=\"fusion-clearfix\"><\/div><\/div><\/div><\/div><\/div><\/p>\n","protected":false},"excerpt":{"rendered":"","protected":false},"author":1,"featured_media":0,"parent":0,"menu_order":0,"comment_status":"closed","ping_status":"closed","template":"","meta":{"_exactmetrics_skip_tracking":false,"_exactmetrics_sitenote_active":false,"_exactmetrics_sitenote_note":"","_exactmetrics_sitenote_category":0},"yoast_head":"<!-- This site is optimized with the Yoast SEO plugin v21.8.1 - https:\/\/yoast.com\/wordpress\/plugins\/seo\/ -->\n<title>Privacy policy - Jayananda<\/title>\n<meta name=\"robots\" content=\"index, follow, max-snippet:-1, max-image-preview:large, max-video-preview:-1\" \/>\n<link rel=\"canonical\" href=\"https:\/\/jayananda.cz\/en\/privacy-policy\/\" \/>\n<meta property=\"og:locale\" content=\"en_US\" \/>\n<meta property=\"og:type\" content=\"article\" \/>\n<meta property=\"og:title\" content=\"Privacy policy - Jayananda\" \/>\n<meta property=\"og:url\" content=\"https:\/\/jayananda.cz\/en\/privacy-policy\/\" \/>\n<meta property=\"og:site_name\" content=\"Jayananda\" \/>\n<meta property=\"article:modified_time\" content=\"2018-05-29T08:52:30+00:00\" \/>\n<meta property=\"og:image\" content=\"https:\/\/jayananda.cz\/wp-content\/uploads\/2018\/05\/AHT-2.jpg\" \/>\n\t<meta property=\"og:image:width\" content=\"1400\" \/>\n\t<meta property=\"og:image:height\" content=\"762\" \/>\n\t<meta property=\"og:image:type\" content=\"image\/jpeg\" \/>\n<meta name=\"twitter:card\" content=\"summary_large_image\" \/>\n<meta name=\"twitter:label1\" content=\"Est. reading time\" \/>\n\t<meta name=\"twitter:data1\" content=\"10 minutes\" \/>\n<script type=\"application\/ld+json\" class=\"yoast-schema-graph\">{\"@context\":\"https:\/\/schema.org\",\"@graph\":[{\"@type\":\"WebPage\",\"@id\":\"https:\/\/jayananda.cz\/en\/privacy-policy\/\",\"url\":\"https:\/\/jayananda.cz\/en\/privacy-policy\/\",\"name\":\"Privacy policy - Jayananda\",\"isPartOf\":{\"@id\":\"https:\/\/jayananda.cz\/#website\"},\"datePublished\":\"2018-05-18T14:03:20+00:00\",\"dateModified\":\"2018-05-29T08:52:30+00:00\",\"breadcrumb\":{\"@id\":\"https:\/\/jayananda.cz\/en\/privacy-policy\/#breadcrumb\"},\"inLanguage\":\"en-US\",\"potentialAction\":[{\"@type\":\"ReadAction\",\"target\":[\"https:\/\/jayananda.cz\/en\/privacy-policy\/\"]}]},{\"@type\":\"BreadcrumbList\",\"@id\":\"https:\/\/jayananda.cz\/en\/privacy-policy\/#breadcrumb\",\"itemListElement\":[{\"@type\":\"ListItem\",\"position\":1,\"name\":\"Dom\u016f\",\"item\":\"https:\/\/jayananda.cz\/en\/\"},{\"@type\":\"ListItem\",\"position\":2,\"name\":\"Privacy policy\"}]},{\"@type\":\"WebSite\",\"@id\":\"https:\/\/jayananda.cz\/#website\",\"url\":\"https:\/\/jayananda.cz\/\",\"name\":\"Jayananda\",\"description\":\"Skute\u010dn\u00e1 zm\u011bna za\u010d\u00edn\u00e1 uvoln\u011bn\u00edm\",\"publisher\":{\"@id\":\"https:\/\/jayananda.cz\/#\/schema\/person\/262287123b8ea09e4cfefeba3241324e\"},\"potentialAction\":[{\"@type\":\"SearchAction\",\"target\":{\"@type\":\"EntryPoint\",\"urlTemplate\":\"https:\/\/jayananda.cz\/?s={search_term_string}\"},\"query-input\":\"required name=search_term_string\"}],\"inLanguage\":\"en-US\"},{\"@type\":[\"Person\",\"Organization\"],\"@id\":\"https:\/\/jayananda.cz\/#\/schema\/person\/262287123b8ea09e4cfefeba3241324e\",\"name\":\"Jayananda\",\"image\":{\"@type\":\"ImageObject\",\"inLanguage\":\"en-US\",\"@id\":\"https:\/\/jayananda.cz\/#\/schema\/person\/image\/\",\"url\":\"https:\/\/jayananda.cz\/wp-content\/uploads\/revslider\/JayaSlider\/marcel_hat.png\",\"contentUrl\":\"https:\/\/jayananda.cz\/wp-content\/uploads\/revslider\/JayaSlider\/marcel_hat.png\",\"width\":591,\"height\":500,\"caption\":\"Jayananda\"},\"logo\":{\"@id\":\"https:\/\/jayananda.cz\/#\/schema\/person\/image\/\"}}]}<\/script>\n<!-- \/ Yoast SEO plugin. -->","yoast_head_json":{"title":"Privacy policy - Jayananda","robots":{"index":"index","follow":"follow","max-snippet":"max-snippet:-1","max-image-preview":"max-image-preview:large","max-video-preview":"max-video-preview:-1"},"canonical":"https:\/\/jayananda.cz\/en\/privacy-policy\/","og_locale":"en_US","og_type":"article","og_title":"Privacy policy - Jayananda","og_url":"https:\/\/jayananda.cz\/en\/privacy-policy\/","og_site_name":"Jayananda","article_modified_time":"2018-05-29T08:52:30+00:00","og_image":[{"width":1400,"height":762,"url":"https:\/\/jayananda.cz\/wp-content\/uploads\/2018\/05\/AHT-2.jpg","type":"image\/jpeg"}],"twitter_card":"summary_large_image","twitter_misc":{"Est. reading time":"10 minutes"},"schema":{"@context":"https:\/\/schema.org","@graph":[{"@type":"WebPage","@id":"https:\/\/jayananda.cz\/en\/privacy-policy\/","url":"https:\/\/jayananda.cz\/en\/privacy-policy\/","name":"Privacy policy - Jayananda","isPartOf":{"@id":"https:\/\/jayananda.cz\/#website"},"datePublished":"2018-05-18T14:03:20+00:00","dateModified":"2018-05-29T08:52:30+00:00","breadcrumb":{"@id":"https:\/\/jayananda.cz\/en\/privacy-policy\/#breadcrumb"},"inLanguage":"en-US","potentialAction":[{"@type":"ReadAction","target":["https:\/\/jayananda.cz\/en\/privacy-policy\/"]}]},{"@type":"BreadcrumbList","@id":"https:\/\/jayananda.cz\/en\/privacy-policy\/#breadcrumb","itemListElement":[{"@type":"ListItem","position":1,"name":"Dom\u016f","item":"https:\/\/jayananda.cz\/en\/"},{"@type":"ListItem","position":2,"name":"Privacy policy"}]},{"@type":"WebSite","@id":"https:\/\/jayananda.cz\/#website","url":"https:\/\/jayananda.cz\/","name":"Jayananda","description":"Skute\u010dn\u00e1 zm\u011bna za\u010d\u00edn\u00e1 uvoln\u011bn\u00edm","publisher":{"@id":"https:\/\/jayananda.cz\/#\/schema\/person\/262287123b8ea09e4cfefeba3241324e"},"potentialAction":[{"@type":"SearchAction","target":{"@type":"EntryPoint","urlTemplate":"https:\/\/jayananda.cz\/?s={search_term_string}"},"query-input":"required name=search_term_string"}],"inLanguage":"en-US"},{"@type":["Person","Organization"],"@id":"https:\/\/jayananda.cz\/#\/schema\/person\/262287123b8ea09e4cfefeba3241324e","name":"Jayananda","image":{"@type":"ImageObject","inLanguage":"en-US","@id":"https:\/\/jayananda.cz\/#\/schema\/person\/image\/","url":"https:\/\/jayananda.cz\/wp-content\/uploads\/revslider\/JayaSlider\/marcel_hat.png","contentUrl":"https:\/\/jayananda.cz\/wp-content\/uploads\/revslider\/JayaSlider\/marcel_hat.png","width":591,"height":500,"caption":"Jayananda"},"logo":{"@id":"https:\/\/jayananda.cz\/#\/schema\/person\/image\/"}}]}},"_links":{"self":[{"href":"https:\/\/jayananda.cz\/en\/wp-json\/wp\/v2\/pages\/681"}],"collection":[{"href":"https:\/\/jayananda.cz\/en\/wp-json\/wp\/v2\/pages"}],"about":[{"href":"https:\/\/jayananda.cz\/en\/wp-json\/wp\/v2\/types\/page"}],"author":[{"embeddable":true,"href":"https:\/\/jayananda.cz\/en\/wp-json\/wp\/v2\/users\/1"}],"replies":[{"embeddable":true,"href":"https:\/\/jayananda.cz\/en\/wp-json\/wp\/v2\/comments?post=681"}],"version-history":[{"count":2,"href":"https:\/\/jayananda.cz\/en\/wp-json\/wp\/v2\/pages\/681\/revisions"}],"predecessor-version":[{"id":683,"href":"https:\/\/jayananda.cz\/en\/wp-json\/wp\/v2\/pages\/681\/revisions\/683"}],"wp:attachment":[{"href":"https:\/\/jayananda.cz\/en\/wp-json\/wp\/v2\/media?parent=681"}],"curies":[{"name":"wp","href":"https:\/\/api.w.org\/{rel}","templated":true}]}}