{"id":747,"date":"2018-05-14T13:08:26","date_gmt":"2018-05-14T12:08:26","guid":{"rendered":"http:\/\/jayananda.cz\/other-services\/vyuka\/"},"modified":"2018-06-09T08:02:06","modified_gmt":"2018-06-09T07:02:06","slug":"teaching","status":"publish","type":"page","link":"https:\/\/jayananda.cz\/en\/other-services\/teaching\/","title":{"rendered":"Teaching"},"content":{"rendered":"<p><div class=\"fusion-fullwidth fullwidth-box fusion-builder-row-1 nonhundred-percent-fullwidth non-hundred-percent-height-scrolling\" style=\"--awb-border-radius-top-left:0px;--awb-border-radius-top-right:0px;--awb-border-radius-bottom-right:0px;--awb-border-radius-bottom-left:0px;\" ><div class=\"fusion-builder-row fusion-row\"><div class=\"fusion-layout-column fusion_builder_column fusion-builder-column-0 fusion_builder_column_1_1 1_1 fusion-one-full fusion-column-first fusion-column-last\" style=\"--awb-bg-size:cover;\"><div class=\"fusion-column-wrapper fusion-flex-column-wrapper-legacy\"><div class=\"fusion-title title fusion-title-1 fusion-sep-none fusion-title-text fusion-title-size-one\"><h1 class=\"title-heading-left fusion-responsive-typography-calculated\" style=\"margin:0;--fontSize:33;line-height:1.45;\">Teaching<\/h1><\/div><div class=\"fusion-text fusion-text-1\"><h2>Would you like to enrich your intimate relationship with massage, tantric techniques and rituals and do not want to join a group seminar? Do you want to organize an entertaining seminar for a variety of topics on body work and human sexuality for your friends, colleagues and employees to enrich their human or professional potential with another dimension?<\/h2>\n<\/div><div class=\"fusion-text fusion-text-2\"><p>In addition to the &#8220;Tao conscious touch&#8221; regulars and on-going seminars, it is possible to adapt to your personal, pairs or group requirements for teaching massage techniques provided by me, or other methods of working with body and consciousness, including sacred sexuality.<\/p>\n<\/div><div class=\"fusion-sep-clear\"><\/div><div class=\"fusion-separator fusion-full-width-sep\" style=\"margin-left: auto;margin-right: auto;margin-bottom:30px;width:100%;\"><div class=\"fusion-separator-border sep-single sep-dotted\" style=\"--awb-height:20px;--awb-amount:20px;border-color:#e0dede;border-top-width:0px;\"><\/div><\/div><div class=\"fusion-sep-clear\"><\/div><div class=\"fusion-image-element fusion-image-align-center in-legacy-container\" style=\"text-align:center;--awb-caption-title-font-family:var(--h2_typography-font-family);--awb-caption-title-font-weight:var(--h2_typography-font-weight);--awb-caption-title-font-style:var(--h2_typography-font-style);--awb-caption-title-size:var(--h2_typography-font-size);--awb-caption-title-transform:var(--h2_typography-text-transform);--awb-caption-title-line-height:var(--h2_typography-line-height);--awb-caption-title-letter-spacing:var(--h2_typography-letter-spacing);\"><div class=\"imageframe-align-center\"><span class=\" fusion-imageframe imageframe-none imageframe-1 hover-type-none\" class=\"image-magnify\" class=\"image-scroll\"><img decoding=\"async\" width=\"1200\" height=\"800\" title=\"DS-2\" src=\"http:\/\/jayananda.cz\/wp-content\/uploads\/2018\/05\/DS-2.jpg\" alt class=\"img-responsive wp-image-460\" srcset=\"https:\/\/jayananda.cz\/wp-content\/uploads\/2018\/05\/DS-2-200x133.jpg 200w, https:\/\/jayananda.cz\/wp-content\/uploads\/2018\/05\/DS-2-400x267.jpg 400w, https:\/\/jayananda.cz\/wp-content\/uploads\/2018\/05\/DS-2-600x400.jpg 600w, https:\/\/jayananda.cz\/wp-content\/uploads\/2018\/05\/DS-2-800x533.jpg 800w, https:\/\/jayananda.cz\/wp-content\/uploads\/2018\/05\/DS-2.jpg 1200w\" sizes=\"(max-width: 800px) 100vw, 1200px\" \/><\/span><\/div><\/div><div class=\"fusion-sep-clear\"><\/div><div class=\"fusion-separator fusion-full-width-sep\" style=\"margin-left: auto;margin-right: auto;margin-bottom:30px;width:100%;\"><div class=\"fusion-separator-border sep-single sep-dotted\" style=\"--awb-height:20px;--awb-amount:20px;border-color:#e0dede;border-top-width:0px;\"><\/div><\/div><div class=\"fusion-sep-clear\"><\/div><div class=\"fusion-clearfix\"><\/div><\/div><\/div><\/div><\/div><div class=\"fusion-fullwidth fullwidth-box fusion-builder-row-2 fusion-parallax-none nonhundred-percent-fullwidth non-hundred-percent-height-scrolling fusion-equal-height-columns\" style=\"--awb-border-radius-top-left:0px;--awb-border-radius-top-right:0px;--awb-border-radius-bottom-right:0px;--awb-border-radius-bottom-left:0px;--awb-padding-top:60px;--awb-padding-right:60px;--awb-padding-bottom:20px;--awb-padding-left:30px;--awb-margin-top:50px;--awb-margin-bottom:50px;--awb-background-image:url(&quot;http:\/\/jayananda.cz\/wp-content\/uploads\/2018\/05\/CTO_Back-2.jpg&quot;);--awb-background-size:cover;\" ><div class=\"fusion-builder-row fusion-row\"><div class=\"fusion-layout-column fusion_builder_column fusion-builder-column-1 fusion_builder_column_2_3 2_3 fusion-two-third fusion-column-first\" style=\"--awb-bg-size:cover;width:66.6666666667%;width:calc(66.6666666667% - ( ( 4% ) * 0.666666666667 ) );margin-right: 4%;\"><div class=\"fusion-column-wrapper fusion-flex-column-wrapper-legacy\"><div class=\"fusion-title title fusion-title-2 fusion-sep-none fusion-title-text fusion-title-size-one\"><h1 class=\"title-heading-left fusion-responsive-typography-calculated\" style=\"margin:0;--fontSize:33;line-height:1.45;\"><strong><span style=\"font-size: 50px; line-height: 0.5em; color: #ffffff;\">Do not hesitate to contact me and arrange a consultation.<\/span><\/strong><\/h1><\/div><div class=\"fusion-clearfix\"><\/div><\/div><\/div><div class=\"fusion-layout-column fusion_builder_column fusion-builder-column-2 fusion_builder_column_1_3 1_3 fusion-one-third fusion-column-last\" style=\"--awb-bg-size:cover;width:33.3333333333%;width:calc(33.3333333333% - ( ( 4% ) * 0.333333333333 ) );\"><div class=\"fusion-column-wrapper fusion-flex-column-wrapper-legacy\"><div class=\"fusion-column-content-centered\"><div class=\"fusion-column-content\"><div class=\"fusion-aligncenter\"><a class=\"fusion-button button-flat button-xlarge button-custom fusion-button-default button-1 fusion-button-default-span \" style=\"--button_accent_color:#d4c201;--button_accent_hover_color:#ffffff;--button_border_hover_color:#ffffff;--button_border_width-top:0;--button_border_width-right:0;--button_border_width-bottom:0;--button_border_width-left:0;--button_gradient_top_color:#ffffff;--button_gradient_bottom_color:#ffffff;--button_gradient_top_color_hover:#d4c201;--button_gradient_bottom_color_hover:#d4c201;--button_text_transform:uppercase;\" target=\"_self\" href=\"https:\/\/jayananda.cz\/en\/kontakt\/\"><span class=\"fusion-button-text\">CONTACT<\/span><\/a><\/div><\/div><\/div><div class=\"fusion-clearfix\"><\/div><\/div><\/div><\/div><\/div>\n<\/p>\n","protected":false},"excerpt":{"rendered":"","protected":false},"author":1,"featured_media":0,"parent":734,"menu_order":0,"comment_status":"closed","ping_status":"closed","template":"","meta":{"_exactmetrics_skip_tracking":false,"_exactmetrics_sitenote_active":false,"_exactmetrics_sitenote_note":"","_exactmetrics_sitenote_category":0},"yoast_head":"<!-- This site is optimized with the Yoast SEO plugin v21.8.1 - https:\/\/yoast.com\/wordpress\/plugins\/seo\/ -->\n<title>Teaching - Jayananda<\/title>\n<meta name=\"robots\" content=\"index, follow, max-snippet:-1, max-image-preview:large, max-video-preview:-1\" \/>\n<link rel=\"canonical\" href=\"https:\/\/jayananda.cz\/en\/other-services\/teaching\/\" \/>\n<meta property=\"og:locale\" content=\"en_US\" \/>\n<meta property=\"og:type\" content=\"article\" \/>\n<meta property=\"og:title\" content=\"Teaching - Jayananda\" \/>\n<meta property=\"og:url\" content=\"https:\/\/jayananda.cz\/en\/other-services\/teaching\/\" \/>\n<meta property=\"og:site_name\" content=\"Jayananda\" \/>\n<meta property=\"article:modified_time\" content=\"2018-06-09T07:02:06+00:00\" \/>\n<meta property=\"og:image\" content=\"https:\/\/jayananda.cz\/wp-content\/uploads\/2018\/05\/AHT-2.jpg\" \/>\n\t<meta property=\"og:image:width\" content=\"1400\" \/>\n\t<meta property=\"og:image:height\" content=\"762\" \/>\n\t<meta property=\"og:image:type\" content=\"image\/jpeg\" \/>\n<meta name=\"twitter:card\" content=\"summary_large_image\" \/>\n<meta name=\"twitter:label1\" content=\"Est. reading time\" \/>\n\t<meta name=\"twitter:data1\" content=\"2 minutes\" \/>\n<script type=\"application\/ld+json\" class=\"yoast-schema-graph\">{\"@context\":\"https:\/\/schema.org\",\"@graph\":[{\"@type\":\"WebPage\",\"@id\":\"https:\/\/jayananda.cz\/en\/other-services\/teaching\/\",\"url\":\"https:\/\/jayananda.cz\/en\/other-services\/teaching\/\",\"name\":\"Teaching - Jayananda\",\"isPartOf\":{\"@id\":\"https:\/\/jayananda.cz\/#website\"},\"datePublished\":\"2018-05-14T12:08:26+00:00\",\"dateModified\":\"2018-06-09T07:02:06+00:00\",\"breadcrumb\":{\"@id\":\"https:\/\/jayananda.cz\/en\/other-services\/teaching\/#breadcrumb\"},\"inLanguage\":\"en-US\",\"potentialAction\":[{\"@type\":\"ReadAction\",\"target\":[\"https:\/\/jayananda.cz\/en\/other-services\/teaching\/\"]}]},{\"@type\":\"BreadcrumbList\",\"@id\":\"https:\/\/jayananda.cz\/en\/other-services\/teaching\/#breadcrumb\",\"itemListElement\":[{\"@type\":\"ListItem\",\"position\":1,\"name\":\"Dom\u016f\",\"item\":\"https:\/\/jayananda.cz\/en\/\"},{\"@type\":\"ListItem\",\"position\":2,\"name\":\"Other services\",\"item\":\"https:\/\/jayananda.cz\/en\/other-services\/\"},{\"@type\":\"ListItem\",\"position\":3,\"name\":\"Teaching\"}]},{\"@type\":\"WebSite\",\"@id\":\"https:\/\/jayananda.cz\/#website\",\"url\":\"https:\/\/jayananda.cz\/\",\"name\":\"Jayananda\",\"description\":\"Skute\u010dn\u00e1 zm\u011bna za\u010d\u00edn\u00e1 uvoln\u011bn\u00edm\",\"publisher\":{\"@id\":\"https:\/\/jayananda.cz\/#\/schema\/person\/262287123b8ea09e4cfefeba3241324e\"},\"potentialAction\":[{\"@type\":\"SearchAction\",\"target\":{\"@type\":\"EntryPoint\",\"urlTemplate\":\"https:\/\/jayananda.cz\/?s={search_term_string}\"},\"query-input\":\"required name=search_term_string\"}],\"inLanguage\":\"en-US\"},{\"@type\":[\"Person\",\"Organization\"],\"@id\":\"https:\/\/jayananda.cz\/#\/schema\/person\/262287123b8ea09e4cfefeba3241324e\",\"name\":\"Jayananda\",\"image\":{\"@type\":\"ImageObject\",\"inLanguage\":\"en-US\",\"@id\":\"https:\/\/jayananda.cz\/#\/schema\/person\/image\/\",\"url\":\"https:\/\/jayananda.cz\/wp-content\/uploads\/revslider\/JayaSlider\/marcel_hat.png\",\"contentUrl\":\"https:\/\/jayananda.cz\/wp-content\/uploads\/revslider\/JayaSlider\/marcel_hat.png\",\"width\":591,\"height\":500,\"caption\":\"Jayananda\"},\"logo\":{\"@id\":\"https:\/\/jayananda.cz\/#\/schema\/person\/image\/\"}}]}<\/script>\n<!-- \/ Yoast SEO plugin. -->","yoast_head_json":{"title":"Teaching - Jayananda","robots":{"index":"index","follow":"follow","max-snippet":"max-snippet:-1","max-image-preview":"max-image-preview:large","max-video-preview":"max-video-preview:-1"},"canonical":"https:\/\/jayananda.cz\/en\/other-services\/teaching\/","og_locale":"en_US","og_type":"article","og_title":"Teaching - Jayananda","og_url":"https:\/\/jayananda.cz\/en\/other-services\/teaching\/","og_site_name":"Jayananda","article_modified_time":"2018-06-09T07:02:06+00:00","og_image":[{"width":1400,"height":762,"url":"https:\/\/jayananda.cz\/wp-content\/uploads\/2018\/05\/AHT-2.jpg","type":"image\/jpeg"}],"twitter_card":"summary_large_image","twitter_misc":{"Est. reading time":"2 minutes"},"schema":{"@context":"https:\/\/schema.org","@graph":[{"@type":"WebPage","@id":"https:\/\/jayananda.cz\/en\/other-services\/teaching\/","url":"https:\/\/jayananda.cz\/en\/other-services\/teaching\/","name":"Teaching - Jayananda","isPartOf":{"@id":"https:\/\/jayananda.cz\/#website"},"datePublished":"2018-05-14T12:08:26+00:00","dateModified":"2018-06-09T07:02:06+00:00","breadcrumb":{"@id":"https:\/\/jayananda.cz\/en\/other-services\/teaching\/#breadcrumb"},"inLanguage":"en-US","potentialAction":[{"@type":"ReadAction","target":["https:\/\/jayananda.cz\/en\/other-services\/teaching\/"]}]},{"@type":"BreadcrumbList","@id":"https:\/\/jayananda.cz\/en\/other-services\/teaching\/#breadcrumb","itemListElement":[{"@type":"ListItem","position":1,"name":"Dom\u016f","item":"https:\/\/jayananda.cz\/en\/"},{"@type":"ListItem","position":2,"name":"Other services","item":"https:\/\/jayananda.cz\/en\/other-services\/"},{"@type":"ListItem","position":3,"name":"Teaching"}]},{"@type":"WebSite","@id":"https:\/\/jayananda.cz\/#website","url":"https:\/\/jayananda.cz\/","name":"Jayananda","description":"Skute\u010dn\u00e1 zm\u011bna za\u010d\u00edn\u00e1 uvoln\u011bn\u00edm","publisher":{"@id":"https:\/\/jayananda.cz\/#\/schema\/person\/262287123b8ea09e4cfefeba3241324e"},"potentialAction":[{"@type":"SearchAction","target":{"@type":"EntryPoint","urlTemplate":"https:\/\/jayananda.cz\/?s={search_term_string}"},"query-input":"required name=search_term_string"}],"inLanguage":"en-US"},{"@type":["Person","Organization"],"@id":"https:\/\/jayananda.cz\/#\/schema\/person\/262287123b8ea09e4cfefeba3241324e","name":"Jayananda","image":{"@type":"ImageObject","inLanguage":"en-US","@id":"https:\/\/jayananda.cz\/#\/schema\/person\/image\/","url":"https:\/\/jayananda.cz\/wp-content\/uploads\/revslider\/JayaSlider\/marcel_hat.png","contentUrl":"https:\/\/jayananda.cz\/wp-content\/uploads\/revslider\/JayaSlider\/marcel_hat.png","width":591,"height":500,"caption":"Jayananda"},"logo":{"@id":"https:\/\/jayananda.cz\/#\/schema\/person\/image\/"}}]}},"_links":{"self":[{"href":"https:\/\/jayananda.cz\/en\/wp-json\/wp\/v2\/pages\/747"}],"collection":[{"href":"https:\/\/jayananda.cz\/en\/wp-json\/wp\/v2\/pages"}],"about":[{"href":"https:\/\/jayananda.cz\/en\/wp-json\/wp\/v2\/types\/page"}],"author":[{"embeddable":true,"href":"https:\/\/jayananda.cz\/en\/wp-json\/wp\/v2\/users\/1"}],"replies":[{"embeddable":true,"href":"https:\/\/jayananda.cz\/en\/wp-json\/wp\/v2\/comments?post=747"}],"version-history":[{"count":2,"href":"https:\/\/jayananda.cz\/en\/wp-json\/wp\/v2\/pages\/747\/revisions"}],"predecessor-version":[{"id":749,"href":"https:\/\/jayananda.cz\/en\/wp-json\/wp\/v2\/pages\/747\/revisions\/749"}],"up":[{"embeddable":true,"href":"https:\/\/jayananda.cz\/en\/wp-json\/wp\/v2\/pages\/734"}],"wp:attachment":[{"href":"https:\/\/jayananda.cz\/en\/wp-json\/wp\/v2\/media?parent=747"}],"curies":[{"name":"wp","href":"https:\/\/api.w.org\/{rel}","templated":true}]}}